{"id":2090,"date":"2020-12-21T17:42:35","date_gmt":"2020-12-21T15:42:35","guid":{"rendered":"https:\/\/museu.pdm.cat\/?page_id=2090"},"modified":"2021-02-23T14:41:27","modified_gmt":"2021-02-23T12:41:27","slug":"visita-virtual","status":"publish","type":"page","link":"https:\/\/museuestampacio.pdm.cat\/es\/visita-virtual\/","title":{"rendered":"Visita virtual"},"content":{"rendered":"\t\t<div data-elementor-type=\"wp-page\" data-elementor-id=\"2090\" class=\"elementor elementor-2090 elementor-754\" data-elementor-post-type=\"page\">\n\t\t\t\t\t\t<section class=\"elementor-section elementor-top-section elementor-element elementor-element-7d73f72e elementor-section-height-min-height elementor-section-items-bottom elementor-section-boxed elementor-section-height-default elementor-invisible\" data-id=\"7d73f72e\" data-element_type=\"section\" data-e-type=\"section\" data-settings=\"{&quot;background_background&quot;:&quot;classic&quot;,&quot;animation&quot;:&quot;fadeInDown&quot;}\">\n\t\t\t\t\t\t<div class=\"elementor-container elementor-column-gap-default\">\n\t\t\t\t\t<div class=\"elementor-column elementor-col-100 elementor-top-column elementor-element elementor-element-4421f778\" data-id=\"4421f778\" data-element_type=\"column\" data-e-type=\"column\">\n\t\t\t<div class=\"elementor-widget-wrap elementor-element-populated\">\n\t\t\t\t\t\t\t<\/div>\n\t\t<\/div>\n\t\t\t\t\t<\/div>\n\t\t<\/section>\n\t\t\t\t<section class=\"elementor-section elementor-top-section elementor-element elementor-element-26df4d2 elementor-section-boxed elementor-section-height-default elementor-section-height-default\" data-id=\"26df4d2\" data-element_type=\"section\" data-e-type=\"section\">\n\t\t\t\t\t\t<div class=\"elementor-container elementor-column-gap-default\">\n\t\t\t\t\t<div class=\"elementor-column elementor-col-100 elementor-top-column elementor-element elementor-element-1c2f43e2\" data-id=\"1c2f43e2\" data-element_type=\"column\" data-e-type=\"column\">\n\t\t\t<div class=\"elementor-widget-wrap elementor-element-populated\">\n\t\t\t\t\t\t<div class=\"elementor-element elementor-element-144d3767 elementor-invisible elementor-widget elementor-widget-image\" data-id=\"144d3767\" data-element_type=\"widget\" data-e-type=\"widget\" data-settings=\"{&quot;_animation&quot;:&quot;zoomIn&quot;}\" data-widget_type=\"image.default\">\n\t\t\t\t<div class=\"elementor-widget-container\">\n\t\t\t\t\t\t\t\t\t\t\t\t\t\t\t<img fetchpriority=\"high\" decoding=\"async\" width=\"288\" height=\"288\" src=\"https:\/\/museuestampacio.pdm.cat\/wp-content\/uploads\/2020\/12\/fig_55-museu-estampacio-premia-de-mar.png\" class=\"attachment-full size-full wp-image-1674\" alt=\"\" srcset=\"https:\/\/museuestampacio.pdm.cat\/wp-content\/uploads\/2020\/12\/fig_55-museu-estampacio-premia-de-mar.png 288w, https:\/\/museuestampacio.pdm.cat\/wp-content\/uploads\/2020\/12\/fig_55-museu-estampacio-premia-de-mar-150x150.png 150w\" sizes=\"(max-width: 288px) 100vw, 288px\" \/>\t\t\t\t\t\t\t\t\t\t\t\t\t\t\t<\/div>\n\t\t\t\t<\/div>\n\t\t\t\t\t<\/div>\n\t\t<\/div>\n\t\t\t\t\t<\/div>\n\t\t<\/section>\n\t\t\t\t<section class=\"elementor-section elementor-top-section elementor-element elementor-element-a8f872a elementor-section-boxed elementor-section-height-default elementor-section-height-default\" data-id=\"a8f872a\" data-element_type=\"section\" data-e-type=\"section\">\n\t\t\t\t\t\t<div class=\"elementor-container elementor-column-gap-default\">\n\t\t\t\t\t<div class=\"elementor-column elementor-col-100 elementor-top-column elementor-element elementor-element-e527838\" data-id=\"e527838\" data-element_type=\"column\" data-e-type=\"column\">\n\t\t\t<div class=\"elementor-widget-wrap elementor-element-populated\">\n\t\t\t\t\t\t<div class=\"elementor-element elementor-element-36bc45bf elementor-widget elementor-widget-heading\" data-id=\"36bc45bf\" data-element_type=\"widget\" data-e-type=\"widget\" data-widget_type=\"heading.default\">\n\t\t\t\t<div class=\"elementor-widget-container\">\n\t\t\t\t\t<h2 class=\"elementor-heading-title elementor-size-default\">Visita virtual<\/h2>\t\t\t\t<\/div>\n\t\t\t\t<\/div>\n\t\t\t\t<div class=\"elementor-element elementor-element-5e6f3d93 elementor-widget elementor-widget-text-editor\" data-id=\"5e6f3d93\" data-element_type=\"widget\" data-e-type=\"widget\" data-widget_type=\"text-editor.default\">\n\t\t\t\t<div class=\"elementor-widget-container\">\n\t\t\t\t\t\t\t\t\t<p>La visita virtual nos adentra en la exposici\u00f3n permanente y ofrece una muestra de lo que se puede ver en algunos \u00e1mbitos de la exposici\u00f3n. Encontrar\u00e9is un recorrido por la historia, ciencia, t\u00e9cnica, arte y dise\u00f1o de los estampados desde el siglo XVIII hasta la actualidad, con algunas de las obras m\u00e1s destacadas. Para m\u00e1s informaci\u00f3n de cada \u00e1mbito, haga clic en el icono informaci\u00f3n.<\/p>\t\t\t\t\t\t\t\t<\/div>\n\t\t\t\t<\/div>\n\t\t\t\t\t<\/div>\n\t\t<\/div>\n\t\t\t\t\t<\/div>\n\t\t<\/section>\n\t\t\t\t<section class=\"elementor-section elementor-top-section elementor-element elementor-element-394b5c0d elementor-section-boxed elementor-section-height-default elementor-section-height-default\" data-id=\"394b5c0d\" data-element_type=\"section\" data-e-type=\"section\">\n\t\t\t\t\t\t<div class=\"elementor-container elementor-column-gap-default\">\n\t\t\t\t\t<div class=\"elementor-column elementor-col-100 elementor-top-column elementor-element elementor-element-1a86df82\" data-id=\"1a86df82\" data-element_type=\"column\" data-e-type=\"column\">\n\t\t\t<div class=\"elementor-widget-wrap elementor-element-populated\">\n\t\t\t\t\t\t<div class=\"elementor-element elementor-element-58b66ff3 elementor-widget elementor-widget-image\" data-id=\"58b66ff3\" data-element_type=\"widget\" data-e-type=\"widget\" data-widget_type=\"image.default\">\n\t\t\t\t<div class=\"elementor-widget-container\">\n\t\t\t\t\t\t\t\t\t\t\t\t\t\t\t\t<a href=\"http:\/\/museuestampacio.pdm.cat\/apptourvirtual\/\" target=\"_blank\">\n\t\t\t\t\t\t\t<img decoding=\"async\" width=\"1024\" height=\"681\" src=\"https:\/\/museuestampacio.pdm.cat\/wp-content\/uploads\/2020\/12\/visita-virtual-museu-estampacio-1024x681.jpg\" class=\"attachment-large size-large wp-image-1831\" alt=\"\" srcset=\"https:\/\/museuestampacio.pdm.cat\/wp-content\/uploads\/2020\/12\/visita-virtual-museu-estampacio-1024x681.jpg 1024w, https:\/\/museuestampacio.pdm.cat\/wp-content\/uploads\/2020\/12\/visita-virtual-museu-estampacio-300x200.jpg 300w, https:\/\/museuestampacio.pdm.cat\/wp-content\/uploads\/2020\/12\/visita-virtual-museu-estampacio-768x511.jpg 768w, https:\/\/museuestampacio.pdm.cat\/wp-content\/uploads\/2020\/12\/visita-virtual-museu-estampacio-1536x1022.jpg 1536w, https:\/\/museuestampacio.pdm.cat\/wp-content\/uploads\/2020\/12\/visita-virtual-museu-estampacio.jpg 1900w\" sizes=\"(max-width: 1024px) 100vw, 1024px\" \/>\t\t\t\t\t\t\t\t<\/a>\n\t\t\t\t\t\t\t\t\t\t\t\t\t\t\t<\/div>\n\t\t\t\t<\/div>\n\t\t\t\t\t<\/div>\n\t\t<\/div>\n\t\t\t\t\t<\/div>\n\t\t<\/section>\n\t\t\t\t<section class=\"elementor-section elementor-top-section elementor-element elementor-element-2e63409 elementor-section-full_width elementor-section-height-default elementor-section-height-default\" data-id=\"2e63409\" data-element_type=\"section\" data-e-type=\"section\">\n\t\t\t\t\t\t<div class=\"elementor-container elementor-column-gap-default\">\n\t\t\t\t\t<div class=\"elementor-column elementor-col-100 elementor-top-column elementor-element elementor-element-62b04e71\" data-id=\"62b04e71\" data-element_type=\"column\" data-e-type=\"column\">\n\t\t\t<div class=\"elementor-widget-wrap elementor-element-populated\">\n\t\t\t\t\t\t<div class=\"elementor-element elementor-element-2b89999d elementor-widget elementor-widget-image\" data-id=\"2b89999d\" data-element_type=\"widget\" data-e-type=\"widget\" data-widget_type=\"image.default\">\n\t\t\t\t<div class=\"elementor-widget-container\">\n\t\t\t\t\t\t\t\t\t\t\t\t\t\t\t<img decoding=\"async\" width=\"2000\" height=\"400\" src=\"https:\/\/museuestampacio.pdm.cat\/wp-content\/uploads\/2020\/12\/f-fig.-55.jpg\" class=\"attachment-full size-full wp-image-1706\" alt=\"\" srcset=\"https:\/\/museuestampacio.pdm.cat\/wp-content\/uploads\/2020\/12\/f-fig.-55.jpg 2000w, https:\/\/museuestampacio.pdm.cat\/wp-content\/uploads\/2020\/12\/f-fig.-55-300x60.jpg 300w, https:\/\/museuestampacio.pdm.cat\/wp-content\/uploads\/2020\/12\/f-fig.-55-1024x205.jpg 1024w, https:\/\/museuestampacio.pdm.cat\/wp-content\/uploads\/2020\/12\/f-fig.-55-768x154.jpg 768w, https:\/\/museuestampacio.pdm.cat\/wp-content\/uploads\/2020\/12\/f-fig.-55-1536x307.jpg 1536w\" sizes=\"(max-width: 2000px) 100vw, 2000px\" \/>\t\t\t\t\t\t\t\t\t\t\t\t\t\t\t<\/div>\n\t\t\t\t<\/div>\n\t\t\t\t\t<\/div>\n\t\t<\/div>\n\t\t\t\t\t<\/div>\n\t\t<\/section>\n\t\t\t\t<\/div>\n\t\t","protected":false},"excerpt":{"rendered":"<p>Visita virtual La visita virtual nos adentra en la exposici\u00f3n permanente y ofrece una muestra de lo que se puede ver en algunos \u00e1mbitos de la exposici\u00f3n. Encontrar\u00e9is un recorrido por la historia, ciencia, t\u00e9cnica, arte y dise\u00f1o de los estampados desde el siglo XVIII hasta la actualidad, con algunas de las obras m\u00e1s destacadas. &#8230; <a title=\"Visita virtual\" class=\"read-more\" href=\"https:\/\/museuestampacio.pdm.cat\/es\/visita-virtual\/\" aria-label=\"Leer m\u00e1s sobre Visita virtual\">Leer m\u00e1s<\/a><\/p>\n","protected":false},"author":2,"featured_media":0,"parent":0,"menu_order":0,"comment_status":"closed","ping_status":"closed","template":"elementor_header_footer","meta":{"footnotes":""},"class_list":["post-2090","page","type-page","status-publish"],"_links":{"self":[{"href":"https:\/\/museuestampacio.pdm.cat\/es\/wp-json\/wp\/v2\/pages\/2090","targetHints":{"allow":["GET"]}}],"collection":[{"href":"https:\/\/museuestampacio.pdm.cat\/es\/wp-json\/wp\/v2\/pages"}],"about":[{"href":"https:\/\/museuestampacio.pdm.cat\/es\/wp-json\/wp\/v2\/types\/page"}],"author":[{"embeddable":true,"href":"https:\/\/museuestampacio.pdm.cat\/es\/wp-json\/wp\/v2\/users\/2"}],"replies":[{"embeddable":true,"href":"https:\/\/museuestampacio.pdm.cat\/es\/wp-json\/wp\/v2\/comments?post=2090"}],"version-history":[{"count":7,"href":"https:\/\/museuestampacio.pdm.cat\/es\/wp-json\/wp\/v2\/pages\/2090\/revisions"}],"predecessor-version":[{"id":2519,"href":"https:\/\/museuestampacio.pdm.cat\/es\/wp-json\/wp\/v2\/pages\/2090\/revisions\/2519"}],"wp:attachment":[{"href":"https:\/\/museuestampacio.pdm.cat\/es\/wp-json\/wp\/v2\/media?parent=2090"}],"curies":[{"name":"wp","href":"https:\/\/api.w.org\/{rel}","templated":true}]}}