{"id":2016,"date":"2020-12-21T17:11:33","date_gmt":"2020-12-21T15:11:33","guid":{"rendered":"https:\/\/museu.pdm.cat\/?page_id=2016"},"modified":"2021-02-23T17:06:17","modified_gmt":"2021-02-23T15:06:17","slug":"talleres-para-escuelas","status":"publish","type":"page","link":"https:\/\/museuestampacio.pdm.cat\/es\/talleres-para-escuelas\/","title":{"rendered":"Talleres para escuelas"},"content":{"rendered":"\t\t<div data-elementor-type=\"wp-page\" data-elementor-id=\"2016\" class=\"elementor elementor-2016 elementor-793\" data-elementor-post-type=\"page\">\n\t\t\t\t\t\t<section class=\"elementor-section elementor-top-section elementor-element elementor-element-21e60cb6 elementor-section-height-min-height elementor-section-items-bottom elementor-section-boxed elementor-section-height-default elementor-invisible\" data-id=\"21e60cb6\" data-element_type=\"section\" data-e-type=\"section\" data-settings=\"{&quot;background_background&quot;:&quot;classic&quot;,&quot;animation&quot;:&quot;fadeInDown&quot;}\">\n\t\t\t\t\t\t<div class=\"elementor-container elementor-column-gap-default\">\n\t\t\t\t\t<div class=\"elementor-column elementor-col-100 elementor-top-column elementor-element elementor-element-24577f25\" data-id=\"24577f25\" data-element_type=\"column\" data-e-type=\"column\">\n\t\t\t<div class=\"elementor-widget-wrap elementor-element-populated\">\n\t\t\t\t\t\t\t<\/div>\n\t\t<\/div>\n\t\t\t\t\t<\/div>\n\t\t<\/section>\n\t\t\t\t<section class=\"elementor-section elementor-top-section elementor-element elementor-element-31f92b42 elementor-section-boxed elementor-section-height-default elementor-section-height-default\" data-id=\"31f92b42\" data-element_type=\"section\" data-e-type=\"section\">\n\t\t\t\t\t\t<div class=\"elementor-container elementor-column-gap-default\">\n\t\t\t\t\t<div class=\"elementor-column elementor-col-100 elementor-top-column elementor-element elementor-element-36386f8b\" data-id=\"36386f8b\" data-element_type=\"column\" data-e-type=\"column\">\n\t\t\t<div class=\"elementor-widget-wrap elementor-element-populated\">\n\t\t\t\t\t\t<div class=\"elementor-element elementor-element-66ee66f4 elementor-invisible elementor-widget elementor-widget-image\" data-id=\"66ee66f4\" data-element_type=\"widget\" data-e-type=\"widget\" data-settings=\"{&quot;_animation&quot;:&quot;zoomIn&quot;}\" data-widget_type=\"image.default\">\n\t\t\t\t<div class=\"elementor-widget-container\">\n\t\t\t\t\t\t\t\t\t\t\t\t\t\t\t<img fetchpriority=\"high\" decoding=\"async\" width=\"288\" height=\"288\" src=\"https:\/\/museuestampacio.pdm.cat\/wp-content\/uploads\/2020\/12\/fig_91-museu-estampacio-premia-de-mar.png\" class=\"attachment-full size-full wp-image-1670\" alt=\"\" srcset=\"https:\/\/museuestampacio.pdm.cat\/wp-content\/uploads\/2020\/12\/fig_91-museu-estampacio-premia-de-mar.png 288w, https:\/\/museuestampacio.pdm.cat\/wp-content\/uploads\/2020\/12\/fig_91-museu-estampacio-premia-de-mar-150x150.png 150w\" sizes=\"(max-width: 288px) 100vw, 288px\" \/>\t\t\t\t\t\t\t\t\t\t\t\t\t\t\t<\/div>\n\t\t\t\t<\/div>\n\t\t\t\t\t<\/div>\n\t\t<\/div>\n\t\t\t\t\t<\/div>\n\t\t<\/section>\n\t\t\t\t<section class=\"elementor-section elementor-top-section elementor-element elementor-element-3336ba59 elementor-section-boxed elementor-section-height-default elementor-section-height-default\" data-id=\"3336ba59\" data-element_type=\"section\" data-e-type=\"section\">\n\t\t\t\t\t\t<div class=\"elementor-container elementor-column-gap-default\">\n\t\t\t\t\t<div class=\"elementor-column elementor-col-50 elementor-top-column elementor-element elementor-element-281de2a2\" data-id=\"281de2a2\" data-element_type=\"column\" data-e-type=\"column\">\n\t\t\t<div class=\"elementor-widget-wrap elementor-element-populated\">\n\t\t\t\t\t\t<div class=\"elementor-element elementor-element-4eeba95e elementor-widget elementor-widget-heading\" data-id=\"4eeba95e\" data-element_type=\"widget\" data-e-type=\"widget\" data-widget_type=\"heading.default\">\n\t\t\t\t<div class=\"elementor-widget-container\">\n\t\t\t\t\t<h2 class=\"elementor-heading-title elementor-size-default\">Talleres para escuelas<\/h2>\t\t\t\t<\/div>\n\t\t\t\t<\/div>\n\t\t\t\t<div class=\"elementor-element elementor-element-46c4367a elementor-widget elementor-widget-text-editor\" data-id=\"46c4367a\" data-element_type=\"widget\" data-e-type=\"widget\" data-widget_type=\"text-editor.default\">\n\t\t\t\t<div class=\"elementor-widget-container\">\n\t\t\t\t\t\t\t\t\t<p>En el Museo de la Estampaci\u00f3n y Museo Romano de Premi\u00e0 de Mar ofrecemos un cat\u00e1logo de actividades educativas en diferentes formatos, para difundir el patrimonio industrial, cient\u00edfico, art\u00edstico, cultural, hist\u00f3rico y arqueol\u00f3gico entorno a las colecciones que conservan los dos museos, textil, gas, etnolog\u00eda y arqueolog\u00eda, con la intenci\u00f3n de fomentar el conocimiento de los diferentes \u00e1mbitos y los valores como el respeto al medio ambiente, el uso responsable y la sostenibilidad.<\/p><p>El programa de actividades est\u00e1 dirigido a centros escolares de Educaci\u00f3n Infantil, Primaria, Secundaria y Educaci\u00f3n Especial. Algunas de las propuestas se pueden llevar a cabo durante el verano para educaci\u00f3n en el ocio con grupos de ni\u00f1os y j\u00f3venes de diferentes edades apuntados a actividades de verano.<\/p><p>Tambi\u00e9n se ofrecen visitas guiadas y actividades para ciclos superiores relacionados con la arqueolog\u00eda, arte, moda y dise\u00f1o textil y se potencian proyectos conjuntos con institutos de Secundaria y escuelas que ofrecen ciclos superiores.<\/p>\t\t\t\t\t\t\t\t<\/div>\n\t\t\t\t<\/div>\n\t\t\t\t<div class=\"elementor-element elementor-element-ba2c5ce elementor-widget elementor-widget-heading\" data-id=\"ba2c5ce\" data-element_type=\"widget\" data-e-type=\"widget\" data-widget_type=\"heading.default\">\n\t\t\t\t<div class=\"elementor-widget-container\">\n\t\t\t\t\t<h2 class=\"elementor-heading-title elementor-size-default\">La oferta de talleres es la siguiente: \n<\/h2>\t\t\t\t<\/div>\n\t\t\t\t<\/div>\n\t\t\t\t<div class=\"elementor-element elementor-element-cc32885 elementor-widget elementor-widget-text-editor\" data-id=\"cc32885\" data-element_type=\"widget\" data-e-type=\"widget\" data-widget_type=\"text-editor.default\">\n\t\t\t\t<div class=\"elementor-widget-container\">\n\t\t\t\t\t\t\t\t\t<strong>Circuito de orientaci<\/strong><strong>\u00f3<\/strong><strong>n en el patio de l<\/strong><strong>a <\/strong><strong>antigua F<\/strong><strong>\u00e1<\/strong><strong>brica del Gas.<\/strong>\nDin\u00e1mica, circuito de orientaci\u00f3n\nEducaci\u00f3n Primaria. Ciclo Superior ESO y Bachillerato.\n\n<strong>Vamos al laboratorio del MEP. El mundo de los f\u00f3siles.<\/strong>\nVisita y taller.\nEducaci\u00f3n Primaria. Ciclo Medio y Superior ESO y Bachillerato\n\n<strong>Vamos al laboratorio del MEP. Energ\u00edas e ingenios.<\/strong>\nVisita dinamizada y taller.\nEducaci\u00f3n Primaria. Ciclo Superior. ESO y Bachillerato.\n\n<strong>Vamos al laboratorio del MEP. El algod\u00f3n y el lino. La vida de una planta.<\/strong>\nDin\u00e1mica y taller.\nEducaci\u00f3n Primaria. Cicle Medio y Superior ESO\n\n<strong>El misterio de los cinco equipajes. Historias de Premi\u00e0.<\/strong>\nJuego din\u00e1mico.\nEducaci\u00f3n Primaria. Ciclo Medio y Superior\n\n<strong>Urdimbre y trama. Utensilios y m\u00e1quinas del MEP.<\/strong>\nDin\u00e1mica y taller.\nEducaci\u00f3n Primaria. 1\u00ba y 2\u00ba de ESO\nTaller adaptado para Educaci\u00f3n Especial\n\n<strong>Colores sostenibles.<\/strong>\nTaller.\nEducaci\u00f3n Primaria. ESO\nTaller adaptado para Educaci\u00f3n Especial\n\n<strong>Peque\u00f1os estampadores.<\/strong>\nNarraci\u00f3n de un cuento y taller.\nP3, P4, P5 Educaci\u00f3n Infantil.\nTambi\u00e9n P2 guarder\u00edas hacia final de curso\n\n<strong>Peque\u00f1os coloristas.<\/strong>\nNarraci\u00f3n de un cuento y taller.\nP4 i P5 Educaci\u00f3n Infantil\n\n<strong>La magia de la Hada Adelina.<\/strong>\nNarraci\u00f3n de un cuento y taller.\nP5 Educaci\u00f3n Infantil\n\n<strong>Aprendiz de estampador.<\/strong>\nTaller.\nEducaci\u00f3n Primaria.\n\n<strong>Oficio de estampador.<\/strong>\nTaller.\nESO, Bachillerato y escuelas de Dise\u00f1o.\n\n<strong>El oficio de tintorero y los colorantes naturales.<\/strong>\nTaller.\nEducaci\u00f3n Primaria. Ciclo Superior. ESO. Bachillerato. Escuelas de Dise\u00f1o.\n\n<strong>Vamos a dise\u00f1ar\u2026ropa!<\/strong>\nTaller.\nEducaci\u00f3n Primaria. Ciclo Inicial, Medio y Superior.\n\n<strong>Las matem\u00e1ticas y los estampados.<\/strong>\nTaller.\nEducaci\u00f3n Primaria. Ciclo Superior Educaci\u00f3n Secundaria. 1\u00ba y 2\u00ba ESO.\t\t\t\t\t\t\t\t<\/div>\n\t\t\t\t<\/div>\n\t\t\t\t<div class=\"elementor-element elementor-element-bd38525 elementor-align-center elementor-widget elementor-widget-button\" data-id=\"bd38525\" data-element_type=\"widget\" data-e-type=\"widget\" data-widget_type=\"button.default\">\n\t\t\t\t<div class=\"elementor-widget-container\">\n\t\t\t\t\t\t\t\t\t<div class=\"elementor-button-wrapper\">\n\t\t\t\t\t<a class=\"elementor-button elementor-button-link elementor-size-xs\" href=\"https:\/\/museuestampacio.pdm.cat\/wp-content\/uploads\/2021\/02\/Dossier-Oferta-Educativa-MEPRoma\u0300.pdf\">\n\t\t\t\t\t\t<span class=\"elementor-button-content-wrapper\">\n\t\t\t\t\t\t\t\t\t<span class=\"elementor-button-text\">@font-face\n\t{font-family:Times;\n\tpanose-1:0 0 5 0 0 0 0 2 0 0;\n\tmso-font-charset:0;\n\tmso-generic-font-family:auto;\n\tmso-font-pitch:variable;\n\tmso-font-signature:3 0 0 0 1 0;}@font-face\n\t{font-family:\"Cambria Math\";\n\tpanose-1:2 4 5 3 5 4 6 3 2 4;\n\tmso-font-charset:1;\n\tmso-generic-font-family:roman;\n\tmso-font-format:other;\n\tmso-font-pitch:variable;\n\tmso-font-signature:0 0 0 0 0 0;}@font-face\n\t{font-family:\"Arial Unicode MS\";\n\tpanose-1:2 11 6 4 2 2 2 2 2 4;\n\tmso-font-charset:0;\n\tmso-generic-font-family:auto;\n\tmso-font-pitch:variable;\n\tmso-font-signature:-134238209 -371195905 63 0 4129279 0;}p.MsoNormal, li.MsoNormal, div.MsoNormal\n\t{mso-style-unhide:no;\n\tmso-style-qformat:yes;\n\tmso-style-parent:\"\";\n\tmargin:0cm;\n\tmargin-bottom:.0001pt;\n\tmso-pagination:widow-orphan;\n\tfont-size:12.0pt;\n\tfont-family:\"Times New Roman\";\n\tmso-fareast-font-family:\"Arial Unicode MS\";\n\tborder:none;}p.Prrafobsico, li.Prrafobsico, div.Prrafobsico\n\t{mso-style-name:\"\\[P\u00e1rrafo b\u00e1sico\\]\";\n\tmso-style-unhide:no;\n\tmso-style-parent:\"\";\n\tmargin:0cm;\n\tmargin-bottom:.0001pt;\n\tline-height:120%;\n\tmso-pagination:none;\n\tfont-size:12.0pt;\n\tfont-family:Times;\n\tmso-fareast-font-family:\"Arial Unicode MS\";\n\tmso-hansi-font-family:\"Arial Unicode MS\";\n\tmso-bidi-font-family:\"Arial Unicode MS\";\n\tcolor:black;\n\tborder:none;\n\tmso-ansi-language:ES-TRAD;\n\tmso-fareast-language:CA;\n\ttext-underline:black;}.MsoChpDefault\n\t{mso-style-type:export-only;\n\tmso-default-props:yes;\n\tfont-size:10.0pt;\n\tmso-ansi-font-size:10.0pt;\n\tmso-bidi-font-size:10.0pt;\n\tmso-fareast-font-family:\"Arial Unicode MS\";\n\tborder:none;\n\tmso-ansi-language:CA;\n\tmso-fareast-language:CA;}.MsoPapDefault\n\t{mso-style-type:export-only;}div.WordSection1\n\t{page:WordSection1;}<p><b><span style=\"font-family:Helvetica\" lang=\"ES\">P<\/span><\/b><b><span style=\"font-family:Helvetica\" lang=\"ES\">ueden<\/span><\/b><b><span style=\"font-family:Helvetica\" lang=\"ES\"> descargar<\/span><\/b><b><span style=\"font-family:Helvetica\" lang=\"ES\">se<\/span><\/b><b><span style=\"font-family:Helvetica\" lang=\"ES\"> el dossier con\ntoda la informaci<\/span><\/b><b><span style=\"font-family:Helvetica\" lang=\"ES\">\u00f3<\/span><\/b><b><span lang=\"ES\">n <\/span><\/b><b><span style=\"font-family:Helvetica\" lang=\"ES\">detallada de los talleres aqu<\/span><\/b><b><span style=\"font-family:Helvetica\" lang=\"ES\">\u00ed.<\/span><\/b><b><span style=\"font-size:9.0pt;line-height:120%;font-family:Helvetica\" lang=\"ES-TRAD\"><\/span><\/b><\/p><\/span>\n\t\t\t\t\t<\/span>\n\t\t\t\t\t<\/a>\n\t\t\t\t<\/div>\n\t\t\t\t\t\t\t\t<\/div>\n\t\t\t\t<\/div>\n\t\t\t\t<div class=\"elementor-element elementor-element-80fb207 elementor-widget elementor-widget-text-editor\" data-id=\"80fb207\" data-element_type=\"widget\" data-e-type=\"widget\" data-widget_type=\"text-editor.default\">\n\t\t\t\t<div class=\"elementor-widget-container\">\n\t\t\t\t\t\t\t\t\t<p><strong>Informaci\u00f3n y reservas del Obrador: <\/strong><br \/><strong>Tel. 93 752 91 97 (ma\u00f1anas de lunes a viernes)<\/strong><br \/><strong>museu@premiademar.cat<\/strong><\/p>\t\t\t\t\t\t\t\t<\/div>\n\t\t\t\t<\/div>\n\t\t\t\t\t<\/div>\n\t\t<\/div>\n\t\t\t\t<div class=\"elementor-column elementor-col-50 elementor-top-column elementor-element elementor-element-7d0da8ec\" data-id=\"7d0da8ec\" data-element_type=\"column\" data-e-type=\"column\">\n\t\t\t<div class=\"elementor-widget-wrap elementor-element-populated\">\n\t\t\t\t\t\t<div class=\"elementor-element elementor-element-31f1401 elementor-invisible elementor-widget elementor-widget-image\" data-id=\"31f1401\" data-element_type=\"widget\" data-e-type=\"widget\" data-settings=\"{&quot;_animation&quot;:&quot;fadeIn&quot;,&quot;_animation_delay&quot;:1000}\" data-widget_type=\"image.default\">\n\t\t\t\t<div class=\"elementor-widget-container\">\n\t\t\t\t\t\t\t\t\t\t\t\t\t\t\t\t<a href=\"https:\/\/museuestampacio.pdm.cat\/wp-content\/uploads\/2020\/12\/tallers-escoles-1-museu-estampacio.jpg\" data-elementor-open-lightbox=\"yes\" data-e-action-hash=\"#elementor-action%3Aaction%3Dlightbox%26settings%3DeyJpZCI6MTgyNiwidXJsIjoiaHR0cHM6XC9cL211c2V1ZXN0YW1wYWNpby5wZG0uY2F0XC93cC1jb250ZW50XC91cGxvYWRzXC8yMDIwXC8xMlwvdGFsbGVycy1lc2NvbGVzLTEtbXVzZXUtZXN0YW1wYWNpby5qcGcifQ%3D%3D\">\n\t\t\t\t\t\t\t<img decoding=\"async\" width=\"900\" height=\"576\" src=\"https:\/\/museuestampacio.pdm.cat\/wp-content\/uploads\/2020\/12\/tallers-escoles-1-museu-estampacio.jpg\" class=\"attachment-large size-large wp-image-1826\" alt=\"\" srcset=\"https:\/\/museuestampacio.pdm.cat\/wp-content\/uploads\/2020\/12\/tallers-escoles-1-museu-estampacio.jpg 900w, https:\/\/museuestampacio.pdm.cat\/wp-content\/uploads\/2020\/12\/tallers-escoles-1-museu-estampacio-300x192.jpg 300w, https:\/\/museuestampacio.pdm.cat\/wp-content\/uploads\/2020\/12\/tallers-escoles-1-museu-estampacio-768x492.jpg 768w\" sizes=\"(max-width: 900px) 100vw, 900px\" \/>\t\t\t\t\t\t\t\t<\/a>\n\t\t\t\t\t\t\t\t\t\t\t\t\t\t\t<\/div>\n\t\t\t\t<\/div>\n\t\t\t\t<div class=\"elementor-element elementor-element-7e1a49c0 animated-slow elementor-invisible elementor-widget elementor-widget-image\" data-id=\"7e1a49c0\" data-element_type=\"widget\" data-e-type=\"widget\" data-settings=\"{&quot;_animation&quot;:&quot;fadeIn&quot;}\" data-widget_type=\"image.default\">\n\t\t\t\t<div class=\"elementor-widget-container\">\n\t\t\t\t\t\t\t\t\t\t\t\t\t\t\t\t<a href=\"https:\/\/museuestampacio.pdm.cat\/wp-content\/uploads\/2020\/12\/tallers-escoles-2-museu-estampacio.jpg\" data-elementor-open-lightbox=\"yes\" data-e-action-hash=\"#elementor-action%3Aaction%3Dlightbox%26settings%3DeyJpZCI6MTgyNSwidXJsIjoiaHR0cHM6XC9cL211c2V1ZXN0YW1wYWNpby5wZG0uY2F0XC93cC1jb250ZW50XC91cGxvYWRzXC8yMDIwXC8xMlwvdGFsbGVycy1lc2NvbGVzLTItbXVzZXUtZXN0YW1wYWNpby5qcGcifQ%3D%3D\">\n\t\t\t\t\t\t\t<img decoding=\"async\" width=\"900\" height=\"576\" src=\"https:\/\/museuestampacio.pdm.cat\/wp-content\/uploads\/2020\/12\/tallers-escoles-2-museu-estampacio.jpg\" class=\"attachment-large size-large wp-image-1825\" alt=\"\" srcset=\"https:\/\/museuestampacio.pdm.cat\/wp-content\/uploads\/2020\/12\/tallers-escoles-2-museu-estampacio.jpg 900w, https:\/\/museuestampacio.pdm.cat\/wp-content\/uploads\/2020\/12\/tallers-escoles-2-museu-estampacio-300x192.jpg 300w, https:\/\/museuestampacio.pdm.cat\/wp-content\/uploads\/2020\/12\/tallers-escoles-2-museu-estampacio-768x492.jpg 768w\" sizes=\"(max-width: 900px) 100vw, 900px\" \/>\t\t\t\t\t\t\t\t<\/a>\n\t\t\t\t\t\t\t\t\t\t\t\t\t\t\t<\/div>\n\t\t\t\t<\/div>\n\t\t\t\t<div class=\"elementor-element elementor-element-ef4bb50 animated-slow elementor-invisible elementor-widget elementor-widget-image\" data-id=\"ef4bb50\" data-element_type=\"widget\" data-e-type=\"widget\" data-settings=\"{&quot;_animation&quot;:&quot;fadeIn&quot;}\" data-widget_type=\"image.default\">\n\t\t\t\t<div class=\"elementor-widget-container\">\n\t\t\t\t\t\t\t\t\t\t\t\t\t\t\t\t<a href=\"https:\/\/museuestampacio.pdm.cat\/wp-content\/uploads\/2020\/12\/tallers-escoles-3-museu-estampacio.jpg\" data-elementor-open-lightbox=\"yes\" data-e-action-hash=\"#elementor-action%3Aaction%3Dlightbox%26settings%3DeyJpZCI6MTgyNywidXJsIjoiaHR0cHM6XC9cL211c2V1ZXN0YW1wYWNpby5wZG0uY2F0XC93cC1jb250ZW50XC91cGxvYWRzXC8yMDIwXC8xMlwvdGFsbGVycy1lc2NvbGVzLTMtbXVzZXUtZXN0YW1wYWNpby5qcGcifQ%3D%3D\">\n\t\t\t\t\t\t\t<img loading=\"lazy\" decoding=\"async\" width=\"900\" height=\"576\" src=\"https:\/\/museuestampacio.pdm.cat\/wp-content\/uploads\/2020\/12\/tallers-escoles-3-museu-estampacio.jpg\" class=\"attachment-large size-large wp-image-1827\" alt=\"\" srcset=\"https:\/\/museuestampacio.pdm.cat\/wp-content\/uploads\/2020\/12\/tallers-escoles-3-museu-estampacio.jpg 900w, https:\/\/museuestampacio.pdm.cat\/wp-content\/uploads\/2020\/12\/tallers-escoles-3-museu-estampacio-300x192.jpg 300w, https:\/\/museuestampacio.pdm.cat\/wp-content\/uploads\/2020\/12\/tallers-escoles-3-museu-estampacio-768x492.jpg 768w\" sizes=\"(max-width: 900px) 100vw, 900px\" \/>\t\t\t\t\t\t\t\t<\/a>\n\t\t\t\t\t\t\t\t\t\t\t\t\t\t\t<\/div>\n\t\t\t\t<\/div>\n\t\t\t\t\t<\/div>\n\t\t<\/div>\n\t\t\t\t\t<\/div>\n\t\t<\/section>\n\t\t\t\t<section class=\"elementor-section elementor-top-section elementor-element elementor-element-61a818b elementor-section-full_width elementor-section-height-default elementor-section-height-default\" data-id=\"61a818b\" data-element_type=\"section\" data-e-type=\"section\">\n\t\t\t\t\t\t<div class=\"elementor-container elementor-column-gap-default\">\n\t\t\t\t\t<div class=\"elementor-column elementor-col-100 elementor-top-column elementor-element elementor-element-1fc4c4ad\" data-id=\"1fc4c4ad\" data-element_type=\"column\" data-e-type=\"column\">\n\t\t\t<div class=\"elementor-widget-wrap elementor-element-populated\">\n\t\t\t\t\t\t<div class=\"elementor-element elementor-element-6411e988 elementor-widget elementor-widget-image\" data-id=\"6411e988\" data-element_type=\"widget\" data-e-type=\"widget\" data-widget_type=\"image.default\">\n\t\t\t\t<div class=\"elementor-widget-container\">\n\t\t\t\t\t\t\t\t\t\t\t\t\t\t\t<img loading=\"lazy\" decoding=\"async\" width=\"2000\" height=\"400\" src=\"https:\/\/museuestampacio.pdm.cat\/wp-content\/uploads\/2020\/12\/f-fig.-91.jpg\" class=\"attachment-full size-full wp-image-1710\" alt=\"\" srcset=\"https:\/\/museuestampacio.pdm.cat\/wp-content\/uploads\/2020\/12\/f-fig.-91.jpg 2000w, https:\/\/museuestampacio.pdm.cat\/wp-content\/uploads\/2020\/12\/f-fig.-91-300x60.jpg 300w, https:\/\/museuestampacio.pdm.cat\/wp-content\/uploads\/2020\/12\/f-fig.-91-1024x205.jpg 1024w, https:\/\/museuestampacio.pdm.cat\/wp-content\/uploads\/2020\/12\/f-fig.-91-768x154.jpg 768w, https:\/\/museuestampacio.pdm.cat\/wp-content\/uploads\/2020\/12\/f-fig.-91-1536x307.jpg 1536w\" sizes=\"(max-width: 2000px) 100vw, 2000px\" \/>\t\t\t\t\t\t\t\t\t\t\t\t\t\t\t<\/div>\n\t\t\t\t<\/div>\n\t\t\t\t\t<\/div>\n\t\t<\/div>\n\t\t\t\t\t<\/div>\n\t\t<\/section>\n\t\t\t\t<\/div>\n\t\t","protected":false},"excerpt":{"rendered":"<p>Talleres para escuelas En el Museo de la Estampaci\u00f3n y Museo Romano de Premi\u00e0 de Mar ofrecemos un cat\u00e1logo de actividades educativas en diferentes formatos, para difundir el patrimonio industrial, cient\u00edfico, art\u00edstico, cultural, hist\u00f3rico y arqueol\u00f3gico entorno a las colecciones que conservan los dos museos, textil, gas, etnolog\u00eda y arqueolog\u00eda, con la intenci\u00f3n de fomentar &#8230; <a title=\"Talleres para escuelas\" class=\"read-more\" href=\"https:\/\/museuestampacio.pdm.cat\/es\/talleres-para-escuelas\/\" aria-label=\"Leer m\u00e1s sobre Talleres para escuelas\">Leer m\u00e1s<\/a><\/p>\n","protected":false},"author":2,"featured_media":0,"parent":0,"menu_order":0,"comment_status":"closed","ping_status":"closed","template":"elementor_header_footer","meta":{"footnotes":""},"class_list":["post-2016","page","type-page","status-publish"],"_links":{"self":[{"href":"https:\/\/museuestampacio.pdm.cat\/es\/wp-json\/wp\/v2\/pages\/2016","targetHints":{"allow":["GET"]}}],"collection":[{"href":"https:\/\/museuestampacio.pdm.cat\/es\/wp-json\/wp\/v2\/pages"}],"about":[{"href":"https:\/\/museuestampacio.pdm.cat\/es\/wp-json\/wp\/v2\/types\/page"}],"author":[{"embeddable":true,"href":"https:\/\/museuestampacio.pdm.cat\/es\/wp-json\/wp\/v2\/users\/2"}],"replies":[{"embeddable":true,"href":"https:\/\/museuestampacio.pdm.cat\/es\/wp-json\/wp\/v2\/comments?post=2016"}],"version-history":[{"count":22,"href":"https:\/\/museuestampacio.pdm.cat\/es\/wp-json\/wp\/v2\/pages\/2016\/revisions"}],"predecessor-version":[{"id":2570,"href":"https:\/\/museuestampacio.pdm.cat\/es\/wp-json\/wp\/v2\/pages\/2016\/revisions\/2570"}],"wp:attachment":[{"href":"https:\/\/museuestampacio.pdm.cat\/es\/wp-json\/wp\/v2\/media?parent=2016"}],"curies":[{"name":"wp","href":"https:\/\/api.w.org\/{rel}","templated":true}]}}