{"id":2002,"date":"2020-12-21T17:04:35","date_gmt":"2020-12-21T15:04:35","guid":{"rendered":"https:\/\/museu.pdm.cat\/?page_id=2002"},"modified":"2020-12-21T17:05:12","modified_gmt":"2020-12-21T15:05:12","slug":"noticias","status":"publish","type":"page","link":"https:\/\/museuestampacio.pdm.cat\/es\/noticias\/","title":{"rendered":"Noticias"},"content":{"rendered":"\t\t<div data-elementor-type=\"wp-page\" data-elementor-id=\"2002\" class=\"elementor elementor-2002 elementor-853\" data-elementor-post-type=\"page\">\n\t\t\t\t\t\t<section class=\"elementor-section elementor-top-section elementor-element elementor-element-68f178ca elementor-section-height-min-height elementor-section-items-bottom elementor-section-boxed elementor-section-height-default elementor-invisible\" data-id=\"68f178ca\" data-element_type=\"section\" data-e-type=\"section\" data-settings=\"{&quot;background_background&quot;:&quot;classic&quot;,&quot;animation&quot;:&quot;fadeInDown&quot;}\">\n\t\t\t\t\t\t<div class=\"elementor-container elementor-column-gap-default\">\n\t\t\t\t\t<div class=\"elementor-column elementor-col-100 elementor-top-column elementor-element elementor-element-2eb8837a\" data-id=\"2eb8837a\" data-element_type=\"column\" data-e-type=\"column\">\n\t\t\t<div class=\"elementor-widget-wrap elementor-element-populated\">\n\t\t\t\t\t\t\t<\/div>\n\t\t<\/div>\n\t\t\t\t\t<\/div>\n\t\t<\/section>\n\t\t\t\t<section class=\"elementor-section elementor-top-section elementor-element elementor-element-612fc041 elementor-section-boxed elementor-section-height-default elementor-section-height-default\" data-id=\"612fc041\" data-element_type=\"section\" data-e-type=\"section\">\n\t\t\t\t\t\t<div class=\"elementor-container elementor-column-gap-default\">\n\t\t\t\t\t<div class=\"elementor-column elementor-col-100 elementor-top-column elementor-element elementor-element-73841a03\" data-id=\"73841a03\" data-element_type=\"column\" data-e-type=\"column\">\n\t\t\t<div class=\"elementor-widget-wrap elementor-element-populated\">\n\t\t\t\t\t\t<div class=\"elementor-element elementor-element-6bd2cf85 elementor-invisible elementor-widget elementor-widget-image\" data-id=\"6bd2cf85\" data-element_type=\"widget\" data-e-type=\"widget\" data-settings=\"{&quot;_animation&quot;:&quot;zoomIn&quot;,&quot;_animation_delay&quot;:1000}\" data-widget_type=\"image.default\">\n\t\t\t\t<div class=\"elementor-widget-container\">\n\t\t\t\t\t\t\t\t\t\t\t\t\t\t\t<img fetchpriority=\"high\" decoding=\"async\" width=\"288\" height=\"288\" src=\"https:\/\/museuestampacio.pdm.cat\/wp-content\/uploads\/2020\/12\/fig_99-museu-estampacio-premia-de-mar.png\" class=\"attachment-full size-full wp-image-1667\" alt=\"\" srcset=\"https:\/\/museuestampacio.pdm.cat\/wp-content\/uploads\/2020\/12\/fig_99-museu-estampacio-premia-de-mar.png 288w, https:\/\/museuestampacio.pdm.cat\/wp-content\/uploads\/2020\/12\/fig_99-museu-estampacio-premia-de-mar-150x150.png 150w\" sizes=\"(max-width: 288px) 100vw, 288px\" \/>\t\t\t\t\t\t\t\t\t\t\t\t\t\t\t<\/div>\n\t\t\t\t<\/div>\n\t\t\t\t\t<\/div>\n\t\t<\/div>\n\t\t\t\t\t<\/div>\n\t\t<\/section>\n\t\t\t\t<section class=\"elementor-section elementor-top-section elementor-element elementor-element-2dab773d elementor-section-boxed elementor-section-height-default elementor-section-height-default\" data-id=\"2dab773d\" data-element_type=\"section\" data-e-type=\"section\">\n\t\t\t\t\t\t<div class=\"elementor-container elementor-column-gap-default\">\n\t\t\t\t\t<div class=\"elementor-column elementor-col-100 elementor-top-column elementor-element elementor-element-28b1bdea\" data-id=\"28b1bdea\" data-element_type=\"column\" data-e-type=\"column\">\n\t\t\t<div class=\"elementor-widget-wrap elementor-element-populated\">\n\t\t\t\t\t\t<div class=\"elementor-element elementor-element-825f70f elementor-grid-3 elementor-grid-tablet-2 elementor-grid-mobile-1 elementor-posts--thumbnail-top elementor-card-shadow-yes elementor-posts__hover-gradient elementor-widget elementor-widget-posts\" data-id=\"825f70f\" data-element_type=\"widget\" data-e-type=\"widget\" data-settings=\"{&quot;cards_columns&quot;:&quot;3&quot;,&quot;cards_columns_tablet&quot;:&quot;2&quot;,&quot;cards_columns_mobile&quot;:&quot;1&quot;,&quot;cards_row_gap&quot;:{&quot;unit&quot;:&quot;px&quot;,&quot;size&quot;:35,&quot;sizes&quot;:[]},&quot;cards_row_gap_tablet&quot;:{&quot;unit&quot;:&quot;px&quot;,&quot;size&quot;:&quot;&quot;,&quot;sizes&quot;:[]},&quot;cards_row_gap_mobile&quot;:{&quot;unit&quot;:&quot;px&quot;,&quot;size&quot;:&quot;&quot;,&quot;sizes&quot;:[]}}\" data-widget_type=\"posts.cards\">\n\t\t\t\t<div class=\"elementor-widget-container\">\n\t\t\t\t\t\t\t<div class=\"elementor-posts-container elementor-posts elementor-posts--skin-cards elementor-grid\">\n\t\t\t\t<article class=\"elementor-post elementor-grid-item post-3288 post type-post status-publish format-standard has-post-thumbnail hentry category-sense-categoria\">\n\t\t\t<div class=\"elementor-post__card\">\n\t\t\t\t<a class=\"elementor-post__thumbnail__link\" href=\"https:\/\/museuestampacio.pdm.cat\/es\/el-mep-celebra-sant-jordi-rodejat-de-dissenys-estampats-exclusius\/\" tabindex=\"-1\" ><div class=\"elementor-post__thumbnail\"><img decoding=\"async\" width=\"240\" height=\"320\" src=\"https:\/\/museuestampacio.pdm.cat\/wp-content\/uploads\/2022\/04\/post-26-abr.jpg\" class=\"attachment-medium_large size-medium_large wp-image-3289\" alt=\"\" srcset=\"https:\/\/museuestampacio.pdm.cat\/wp-content\/uploads\/2022\/04\/post-26-abr.jpg 240w, https:\/\/museuestampacio.pdm.cat\/wp-content\/uploads\/2022\/04\/post-26-abr-225x300.jpg 225w\" sizes=\"(max-width: 240px) 100vw, 240px\" \/><\/div><\/a>\n\t\t\t\t<div class=\"elementor-post__text\">\n\t\t\t\t<h3 class=\"elementor-post__title\">\n\t\t\t<a href=\"https:\/\/museuestampacio.pdm.cat\/es\/el-mep-celebra-sant-jordi-rodejat-de-dissenys-estampats-exclusius\/\" >\n\t\t\t\tEl MEP celebra Sant Jordi rodejat de dissenys estampats exclusius!\t\t\t<\/a>\n\t\t<\/h3>\n\t\t\t\t<div class=\"elementor-post__excerpt\">\n\t\t\t<p>Aquest Sant Jordi han passat&nbsp;pel Museu de l&#8217;Estampaci\u00f3 de Premi\u00e0 de Mar 438 nens i nenes de l&#8217;escola La Salle que van practicar les t\u00e8cniques<\/p>\n\t\t<\/div>\n\t\t\n\t\t<a class=\"elementor-post__read-more\" href=\"https:\/\/museuestampacio.pdm.cat\/es\/el-mep-celebra-sant-jordi-rodejat-de-dissenys-estampats-exclusius\/\" aria-label=\"M\u00e1s informaci\u00f3n sobre El MEP celebra Sant Jordi rodejat de dissenys estampats exclusius!\" tabindex=\"-1\" >\n\t\t\t Leer m\u00e1s \u00bb\t\t<\/a>\n\n\t\t\t\t<\/div>\n\t\t\t\t<div class=\"elementor-post__meta-data\">\n\t\t\t\t\t<span class=\"elementor-post-date\">\n\t\t\t28 de abril de 2022\t\t<\/span>\n\t\t\t\t<\/div>\n\t\t\t\t\t<\/div>\n\t\t<\/article>\n\t\t\t\t<article class=\"elementor-post elementor-grid-item post-3163 post type-post status-publish format-standard has-post-thumbnail hentry category-sin-categorizar\">\n\t\t\t<div class=\"elementor-post__card\">\n\t\t\t\t<a class=\"elementor-post__thumbnail__link\" href=\"https:\/\/museuestampacio.pdm.cat\/es\/retomamos-los-trabajos-de-documentacion\/\" tabindex=\"-1\" ><div class=\"elementor-post__thumbnail\"><img decoding=\"async\" width=\"768\" height=\"1024\" src=\"https:\/\/museuestampacio.pdm.cat\/wp-content\/uploads\/2022\/01\/IMG_20220111_095255-768x1024.jpg\" class=\"attachment-medium_large size-medium_large wp-image-3161\" alt=\"\" srcset=\"https:\/\/museuestampacio.pdm.cat\/wp-content\/uploads\/2022\/01\/IMG_20220111_095255-768x1024.jpg 768w, https:\/\/museuestampacio.pdm.cat\/wp-content\/uploads\/2022\/01\/IMG_20220111_095255-225x300.jpg 225w, https:\/\/museuestampacio.pdm.cat\/wp-content\/uploads\/2022\/01\/IMG_20220111_095255-1152x1536.jpg 1152w, https:\/\/museuestampacio.pdm.cat\/wp-content\/uploads\/2022\/01\/IMG_20220111_095255-1536x2048.jpg 1536w, https:\/\/museuestampacio.pdm.cat\/wp-content\/uploads\/2022\/01\/IMG_20220111_095255-scaled.jpg 1920w\" sizes=\"(max-width: 768px) 100vw, 768px\" \/><\/div><\/a>\n\t\t\t\t<div class=\"elementor-post__text\">\n\t\t\t\t<h3 class=\"elementor-post__title\">\n\t\t\t<a href=\"https:\/\/museuestampacio.pdm.cat\/es\/retomamos-los-trabajos-de-documentacion\/\" >\n\t\t\t\tRetomamos los trabajos de documentaci\u00f3n\t\t\t<\/a>\n\t\t<\/h3>\n\t\t\t\t<div class=\"elementor-post__excerpt\">\n\t\t\t<p>En el MEP hemos empezado el a\u00f1o realizando trabajos de documentaci\u00f3n de muestras textiles procedentes de La Espa\u00f1a Industrial, una de las colecciones m\u00e1s importantes<\/p>\n\t\t<\/div>\n\t\t\n\t\t<a class=\"elementor-post__read-more\" href=\"https:\/\/museuestampacio.pdm.cat\/es\/retomamos-los-trabajos-de-documentacion\/\" aria-label=\"M\u00e1s informaci\u00f3n sobre Retomamos los trabajos de documentaci\u00f3n\" tabindex=\"-1\" >\n\t\t\t Leer m\u00e1s \u00bb\t\t<\/a>\n\n\t\t\t\t<\/div>\n\t\t\t\t<div class=\"elementor-post__meta-data\">\n\t\t\t\t\t<span class=\"elementor-post-date\">\n\t\t\t19 de enero de 2022\t\t<\/span>\n\t\t\t\t<\/div>\n\t\t\t\t\t<\/div>\n\t\t<\/article>\n\t\t\t\t<article class=\"elementor-post elementor-grid-item post-3147 post type-post status-publish format-standard has-post-thumbnail hentry category-sin-categorizar\">\n\t\t\t<div class=\"elementor-post__card\">\n\t\t\t\t<a class=\"elementor-post__thumbnail__link\" href=\"https:\/\/museuestampacio.pdm.cat\/es\/feliz-2022\/\" tabindex=\"-1\" ><div class=\"elementor-post__thumbnail\"><img loading=\"lazy\" decoding=\"async\" width=\"768\" height=\"363\" src=\"https:\/\/museuestampacio.pdm.cat\/wp-content\/uploads\/2021\/12\/IMG-20211229-WA0010-768x363.jpg\" class=\"attachment-medium_large size-medium_large wp-image-3145\" alt=\"\" srcset=\"https:\/\/museuestampacio.pdm.cat\/wp-content\/uploads\/2021\/12\/IMG-20211229-WA0010-768x363.jpg 768w, https:\/\/museuestampacio.pdm.cat\/wp-content\/uploads\/2021\/12\/IMG-20211229-WA0010-300x142.jpg 300w, https:\/\/museuestampacio.pdm.cat\/wp-content\/uploads\/2021\/12\/IMG-20211229-WA0010-1024x483.jpg 1024w, https:\/\/museuestampacio.pdm.cat\/wp-content\/uploads\/2021\/12\/IMG-20211229-WA0010-1536x725.jpg 1536w, https:\/\/museuestampacio.pdm.cat\/wp-content\/uploads\/2021\/12\/IMG-20211229-WA0010.jpg 1559w\" sizes=\"(max-width: 768px) 100vw, 768px\" \/><\/div><\/a>\n\t\t\t\t<div class=\"elementor-post__text\">\n\t\t\t\t<h3 class=\"elementor-post__title\">\n\t\t\t<a href=\"https:\/\/museuestampacio.pdm.cat\/es\/feliz-2022\/\" >\n\t\t\t\t\u00a1Feliz 2022!\t\t\t<\/a>\n\t\t<\/h3>\n\t\t\t\t<div class=\"elementor-post__excerpt\">\n\t\t\t<p>En el Museu de l\u2019Estampaci\u00f3 terminamos el a\u00f1o de la manera que m\u00e1s nos gusta, difundiendo nuestro patrimonio y la cultura entre los y las<\/p>\n\t\t<\/div>\n\t\t\n\t\t<a class=\"elementor-post__read-more\" href=\"https:\/\/museuestampacio.pdm.cat\/es\/feliz-2022\/\" aria-label=\"M\u00e1s informaci\u00f3n sobre \u00a1Feliz 2022!\" tabindex=\"-1\" >\n\t\t\t Leer m\u00e1s \u00bb\t\t<\/a>\n\n\t\t\t\t<\/div>\n\t\t\t\t<div class=\"elementor-post__meta-data\">\n\t\t\t\t\t<span class=\"elementor-post-date\">\n\t\t\t30 de diciembre de 2021\t\t<\/span>\n\t\t\t\t<\/div>\n\t\t\t\t\t<\/div>\n\t\t<\/article>\n\t\t\t\t<article class=\"elementor-post elementor-grid-item post-3135 post type-post status-publish format-standard has-post-thumbnail hentry category-sin-categorizar\">\n\t\t\t<div class=\"elementor-post__card\">\n\t\t\t\t<a class=\"elementor-post__thumbnail__link\" href=\"https:\/\/museuestampacio.pdm.cat\/es\/el-mep-participa-en-el-programa-de-rutas-gamificadas-del-consorci-de-promocio-turistica-costa-del-maresme\/\" tabindex=\"-1\" ><div class=\"elementor-post__thumbnail\"><img loading=\"lazy\" decoding=\"async\" width=\"768\" height=\"768\" src=\"https:\/\/museuestampacio.pdm.cat\/wp-content\/uploads\/2021\/12\/post-instagram-768x768.jpg\" class=\"attachment-medium_large size-medium_large wp-image-3133\" alt=\"\" srcset=\"https:\/\/museuestampacio.pdm.cat\/wp-content\/uploads\/2021\/12\/post-instagram-768x768.jpg 768w, https:\/\/museuestampacio.pdm.cat\/wp-content\/uploads\/2021\/12\/post-instagram-300x300.jpg 300w, https:\/\/museuestampacio.pdm.cat\/wp-content\/uploads\/2021\/12\/post-instagram-1024x1024.jpg 1024w, https:\/\/museuestampacio.pdm.cat\/wp-content\/uploads\/2021\/12\/post-instagram-150x150.jpg 150w, https:\/\/museuestampacio.pdm.cat\/wp-content\/uploads\/2021\/12\/post-instagram.jpg 1080w\" sizes=\"(max-width: 768px) 100vw, 768px\" \/><\/div><\/a>\n\t\t\t\t<div class=\"elementor-post__text\">\n\t\t\t\t<h3 class=\"elementor-post__title\">\n\t\t\t<a href=\"https:\/\/museuestampacio.pdm.cat\/es\/el-mep-participa-en-el-programa-de-rutas-gamificadas-del-consorci-de-promocio-turistica-costa-del-maresme\/\" >\n\t\t\t\tEl MEP participa en el programa de rutas gamificadas del Consorci de Promoci\u00f3 Tur\u00edstica Costa del Maresme\t\t\t<\/a>\n\t\t<\/h3>\n\t\t\t\t<div class=\"elementor-post__excerpt\">\n\t\t\t<p>El Consorci de Promoci\u00f3 Tur\u00edstica Costa del Maresme ha creado unas rutas gamificadas para promocionar la cultura en el Maresme entre el p\u00fablico familiar y<\/p>\n\t\t<\/div>\n\t\t\n\t\t<a class=\"elementor-post__read-more\" href=\"https:\/\/museuestampacio.pdm.cat\/es\/el-mep-participa-en-el-programa-de-rutas-gamificadas-del-consorci-de-promocio-turistica-costa-del-maresme\/\" aria-label=\"M\u00e1s informaci\u00f3n sobre El MEP participa en el programa de rutas gamificadas del Consorci de Promoci\u00f3 Tur\u00edstica Costa del Maresme\" tabindex=\"-1\" >\n\t\t\t Leer m\u00e1s \u00bb\t\t<\/a>\n\n\t\t\t\t<\/div>\n\t\t\t\t<div class=\"elementor-post__meta-data\">\n\t\t\t\t\t<span class=\"elementor-post-date\">\n\t\t\t19 de diciembre de 2021\t\t<\/span>\n\t\t\t\t<\/div>\n\t\t\t\t\t<\/div>\n\t\t<\/article>\n\t\t\t\t<article class=\"elementor-post elementor-grid-item post-3127 post type-post status-publish format-standard has-post-thumbnail hentry category-sin-categorizar\">\n\t\t\t<div class=\"elementor-post__card\">\n\t\t\t\t<a class=\"elementor-post__thumbnail__link\" href=\"https:\/\/museuestampacio.pdm.cat\/es\/el-mep-cede-una-pieza-para-la-exposicion-un-museo-mil-tramas\/\" tabindex=\"-1\" ><div class=\"elementor-post__thumbnail\"><img loading=\"lazy\" decoding=\"async\" width=\"768\" height=\"576\" src=\"https:\/\/museuestampacio.pdm.cat\/wp-content\/uploads\/2021\/12\/IMG-20211130-WA0010-768x576.jpg\" class=\"attachment-medium_large size-medium_large wp-image-3125\" alt=\"\" srcset=\"https:\/\/museuestampacio.pdm.cat\/wp-content\/uploads\/2021\/12\/IMG-20211130-WA0010-768x576.jpg 768w, https:\/\/museuestampacio.pdm.cat\/wp-content\/uploads\/2021\/12\/IMG-20211130-WA0010-300x225.jpg 300w, https:\/\/museuestampacio.pdm.cat\/wp-content\/uploads\/2021\/12\/IMG-20211130-WA0010-1024x768.jpg 1024w, https:\/\/museuestampacio.pdm.cat\/wp-content\/uploads\/2021\/12\/IMG-20211130-WA0010-1536x1152.jpg 1536w, https:\/\/museuestampacio.pdm.cat\/wp-content\/uploads\/2021\/12\/IMG-20211130-WA0010.jpg 2000w\" sizes=\"(max-width: 768px) 100vw, 768px\" \/><\/div><\/a>\n\t\t\t\t<div class=\"elementor-post__text\">\n\t\t\t\t<h3 class=\"elementor-post__title\">\n\t\t\t<a href=\"https:\/\/museuestampacio.pdm.cat\/es\/el-mep-cede-una-pieza-para-la-exposicion-un-museo-mil-tramas\/\" >\n\t\t\t\tEl MEP cede una pieza para la exposici\u00f3n \u00abUn museo, mil tramas\u00bb\t\t\t<\/a>\n\t\t<\/h3>\n\t\t\t\t<div class=\"elementor-post__excerpt\">\n\t\t\t<p>El d\u00eda 26 de noviembre se inaugur\u00f3 la exposici\u00f3n de conmemoraci\u00f3n del 75 aniversario del Museu T\u00e8xtil de Terrassa, \u201cUn museo, mil tramas\u201d. El Museu<\/p>\n\t\t<\/div>\n\t\t\n\t\t<a class=\"elementor-post__read-more\" href=\"https:\/\/museuestampacio.pdm.cat\/es\/el-mep-cede-una-pieza-para-la-exposicion-un-museo-mil-tramas\/\" aria-label=\"M\u00e1s informaci\u00f3n sobre El MEP cede una pieza para la exposici\u00f3n \u00abUn museo, mil tramas\u00bb\" tabindex=\"-1\" >\n\t\t\t Leer m\u00e1s \u00bb\t\t<\/a>\n\n\t\t\t\t<\/div>\n\t\t\t\t<div class=\"elementor-post__meta-data\">\n\t\t\t\t\t<span class=\"elementor-post-date\">\n\t\t\t7 de diciembre de 2021\t\t<\/span>\n\t\t\t\t<\/div>\n\t\t\t\t\t<\/div>\n\t\t<\/article>\n\t\t\t\t<article class=\"elementor-post elementor-grid-item post-3106 post type-post status-publish format-standard has-post-thumbnail hentry category-sin-categorizar\">\n\t\t\t<div class=\"elementor-post__card\">\n\t\t\t\t<a class=\"elementor-post__thumbnail__link\" href=\"https:\/\/museuestampacio.pdm.cat\/es\/les-entidades-de-premia-de-mar-visitan-el-mep\/\" tabindex=\"-1\" ><div class=\"elementor-post__thumbnail\"><img loading=\"lazy\" decoding=\"async\" width=\"768\" height=\"576\" src=\"https:\/\/museuestampacio.pdm.cat\/wp-content\/uploads\/2021\/11\/IMG_20211117_110549-768x576.jpg\" class=\"attachment-medium_large size-medium_large wp-image-3096\" alt=\"\" srcset=\"https:\/\/museuestampacio.pdm.cat\/wp-content\/uploads\/2021\/11\/IMG_20211117_110549-768x576.jpg 768w, https:\/\/museuestampacio.pdm.cat\/wp-content\/uploads\/2021\/11\/IMG_20211117_110549-300x225.jpg 300w, https:\/\/museuestampacio.pdm.cat\/wp-content\/uploads\/2021\/11\/IMG_20211117_110549-1024x768.jpg 1024w, https:\/\/museuestampacio.pdm.cat\/wp-content\/uploads\/2021\/11\/IMG_20211117_110549-1536x1152.jpg 1536w, https:\/\/museuestampacio.pdm.cat\/wp-content\/uploads\/2021\/11\/IMG_20211117_110549-2048x1536.jpg 2048w\" sizes=\"(max-width: 768px) 100vw, 768px\" \/><\/div><\/a>\n\t\t\t\t<div class=\"elementor-post__text\">\n\t\t\t\t<h3 class=\"elementor-post__title\">\n\t\t\t<a href=\"https:\/\/museuestampacio.pdm.cat\/es\/les-entidades-de-premia-de-mar-visitan-el-mep\/\" >\n\t\t\t\tLes entidades de Premi\u00e0 de Mar visitan el MEP\t\t\t<\/a>\n\t\t<\/h3>\n\t\t\t\t<div class=\"elementor-post__excerpt\">\n\t\t\t<p>Con el objetivo de difundir el patrimonio e historia reciente de nuestro municipio, desde el MEP estamos realizando visitas guiadas a la exposici\u00f3n temporal Filar,<\/p>\n\t\t<\/div>\n\t\t\n\t\t<a class=\"elementor-post__read-more\" href=\"https:\/\/museuestampacio.pdm.cat\/es\/les-entidades-de-premia-de-mar-visitan-el-mep\/\" aria-label=\"M\u00e1s informaci\u00f3n sobre Les entidades de Premi\u00e0 de Mar visitan el MEP\" tabindex=\"-1\" >\n\t\t\t Leer m\u00e1s \u00bb\t\t<\/a>\n\n\t\t\t\t<\/div>\n\t\t\t\t<div class=\"elementor-post__meta-data\">\n\t\t\t\t\t<span class=\"elementor-post-date\">\n\t\t\t18 de noviembre de 2021\t\t<\/span>\n\t\t\t\t<\/div>\n\t\t\t\t\t<\/div>\n\t\t<\/article>\n\t\t\t\t<\/div>\n\t\t\n\t\t\t\t\t\t<\/div>\n\t\t\t\t<\/div>\n\t\t\t\t\t<\/div>\n\t\t<\/div>\n\t\t\t\t\t<\/div>\n\t\t<\/section>\n\t\t\t\t<section class=\"elementor-section elementor-top-section elementor-element elementor-element-56bf53a6 elementor-section-full_width elementor-section-height-default elementor-section-height-default\" data-id=\"56bf53a6\" data-element_type=\"section\" data-e-type=\"section\">\n\t\t\t\t\t\t<div class=\"elementor-container elementor-column-gap-default\">\n\t\t\t\t\t<div class=\"elementor-column elementor-col-100 elementor-top-column elementor-element elementor-element-17b66c28\" data-id=\"17b66c28\" data-element_type=\"column\" data-e-type=\"column\">\n\t\t\t<div class=\"elementor-widget-wrap elementor-element-populated\">\n\t\t\t\t\t\t<div class=\"elementor-element elementor-element-6fe2efba elementor-widget elementor-widget-image\" data-id=\"6fe2efba\" data-element_type=\"widget\" data-e-type=\"widget\" data-widget_type=\"image.default\">\n\t\t\t\t<div class=\"elementor-widget-container\">\n\t\t\t\t\t\t\t\t\t\t\t\t\t\t\t<img loading=\"lazy\" decoding=\"async\" width=\"2000\" height=\"400\" src=\"https:\/\/museuestampacio.pdm.cat\/wp-content\/uploads\/2020\/12\/f-fig.-99.jpg\" class=\"attachment-full size-full wp-image-1713\" alt=\"\" srcset=\"https:\/\/museuestampacio.pdm.cat\/wp-content\/uploads\/2020\/12\/f-fig.-99.jpg 2000w, https:\/\/museuestampacio.pdm.cat\/wp-content\/uploads\/2020\/12\/f-fig.-99-300x60.jpg 300w, https:\/\/museuestampacio.pdm.cat\/wp-content\/uploads\/2020\/12\/f-fig.-99-1024x205.jpg 1024w, https:\/\/museuestampacio.pdm.cat\/wp-content\/uploads\/2020\/12\/f-fig.-99-768x154.jpg 768w, https:\/\/museuestampacio.pdm.cat\/wp-content\/uploads\/2020\/12\/f-fig.-99-1536x307.jpg 1536w\" sizes=\"(max-width: 2000px) 100vw, 2000px\" \/>\t\t\t\t\t\t\t\t\t\t\t\t\t\t\t<\/div>\n\t\t\t\t<\/div>\n\t\t\t\t\t<\/div>\n\t\t<\/div>\n\t\t\t\t\t<\/div>\n\t\t<\/section>\n\t\t\t\t<\/div>\n\t\t","protected":false},"excerpt":{"rendered":"","protected":false},"author":2,"featured_media":0,"parent":0,"menu_order":0,"comment_status":"closed","ping_status":"closed","template":"elementor_header_footer","meta":{"footnotes":""},"class_list":["post-2002","page","type-page","status-publish","hentry"],"_links":{"self":[{"href":"https:\/\/museuestampacio.pdm.cat\/es\/wp-json\/wp\/v2\/pages\/2002","targetHints":{"allow":["GET"]}}],"collection":[{"href":"https:\/\/museuestampacio.pdm.cat\/es\/wp-json\/wp\/v2\/pages"}],"about":[{"href":"https:\/\/museuestampacio.pdm.cat\/es\/wp-json\/wp\/v2\/types\/page"}],"author":[{"embeddable":true,"href":"https:\/\/museuestampacio.pdm.cat\/es\/wp-json\/wp\/v2\/users\/2"}],"replies":[{"embeddable":true,"href":"https:\/\/museuestampacio.pdm.cat\/es\/wp-json\/wp\/v2\/comments?post=2002"}],"version-history":[{"count":4,"href":"https:\/\/museuestampacio.pdm.cat\/es\/wp-json\/wp\/v2\/pages\/2002\/revisions"}],"predecessor-version":[{"id":2006,"href":"https:\/\/museuestampacio.pdm.cat\/es\/wp-json\/wp\/v2\/pages\/2002\/revisions\/2006"}],"wp:attachment":[{"href":"https:\/\/museuestampacio.pdm.cat\/es\/wp-json\/wp\/v2\/media?parent=2002"}],"curies":[{"name":"wp","href":"https:\/\/api.w.org\/{rel}","templated":true}]}}