{"id":1948,"date":"2020-12-21T13:40:40","date_gmt":"2020-12-21T11:40:40","guid":{"rendered":"https:\/\/museu.pdm.cat\/?page_id=1948"},"modified":"2021-02-23T14:30:49","modified_gmt":"2021-02-23T12:30:49","slug":"exposicion-permanente","status":"publish","type":"page","link":"https:\/\/museuestampacio.pdm.cat\/es\/exposicion-permanente\/","title":{"rendered":"Exposici\u00f3n permanente"},"content":{"rendered":"\t\t<div data-elementor-type=\"wp-page\" data-elementor-id=\"1948\" class=\"elementor elementor-1948 elementor-660\" data-elementor-post-type=\"page\">\n\t\t\t\t\t\t<section class=\"elementor-section elementor-top-section elementor-element elementor-element-178bf507 elementor-section-height-min-height elementor-section-items-bottom elementor-section-boxed elementor-section-height-default elementor-invisible\" data-id=\"178bf507\" data-element_type=\"section\" data-e-type=\"section\" data-settings=\"{&quot;background_background&quot;:&quot;classic&quot;,&quot;animation&quot;:&quot;fadeInDown&quot;}\">\n\t\t\t\t\t\t<div class=\"elementor-container elementor-column-gap-default\">\n\t\t\t\t\t<div class=\"elementor-column elementor-col-100 elementor-top-column elementor-element elementor-element-19cf25f1\" data-id=\"19cf25f1\" data-element_type=\"column\" data-e-type=\"column\">\n\t\t\t<div class=\"elementor-widget-wrap elementor-element-populated\">\n\t\t\t\t\t\t\t<\/div>\n\t\t<\/div>\n\t\t\t\t\t<\/div>\n\t\t<\/section>\n\t\t\t\t<section class=\"elementor-section elementor-top-section elementor-element elementor-element-4847105 elementor-section-boxed elementor-section-height-default elementor-section-height-default\" data-id=\"4847105\" data-element_type=\"section\" data-e-type=\"section\">\n\t\t\t\t\t\t<div class=\"elementor-container elementor-column-gap-default\">\n\t\t\t\t\t<div class=\"elementor-column elementor-col-100 elementor-top-column elementor-element elementor-element-5314ade5\" data-id=\"5314ade5\" data-element_type=\"column\" data-e-type=\"column\">\n\t\t\t<div class=\"elementor-widget-wrap elementor-element-populated\">\n\t\t\t\t\t\t<div class=\"elementor-element elementor-element-1408b063 elementor-invisible elementor-widget elementor-widget-image\" data-id=\"1408b063\" data-element_type=\"widget\" data-e-type=\"widget\" data-settings=\"{&quot;_animation&quot;:&quot;zoomIn&quot;,&quot;_animation_delay&quot;:1000}\" data-widget_type=\"image.default\">\n\t\t\t\t<div class=\"elementor-widget-container\">\n\t\t\t\t\t\t\t\t\t\t\t\t\t\t\t<img fetchpriority=\"high\" decoding=\"async\" width=\"288\" height=\"288\" src=\"https:\/\/museuestampacio.pdm.cat\/wp-content\/uploads\/2020\/12\/fig_40-museu-estampacio-premia-de-mar.png\" class=\"attachment-full size-full wp-image-1679\" alt=\"\" srcset=\"https:\/\/museuestampacio.pdm.cat\/wp-content\/uploads\/2020\/12\/fig_40-museu-estampacio-premia-de-mar.png 288w, https:\/\/museuestampacio.pdm.cat\/wp-content\/uploads\/2020\/12\/fig_40-museu-estampacio-premia-de-mar-150x150.png 150w\" sizes=\"(max-width: 288px) 100vw, 288px\" \/>\t\t\t\t\t\t\t\t\t\t\t\t\t\t\t<\/div>\n\t\t\t\t<\/div>\n\t\t\t\t\t<\/div>\n\t\t<\/div>\n\t\t\t\t\t<\/div>\n\t\t<\/section>\n\t\t\t\t<section class=\"elementor-section elementor-top-section elementor-element elementor-element-2a90cf94 elementor-section-boxed elementor-section-height-default elementor-section-height-default\" data-id=\"2a90cf94\" data-element_type=\"section\" data-e-type=\"section\">\n\t\t\t\t\t\t<div class=\"elementor-container elementor-column-gap-default\">\n\t\t\t\t\t<div class=\"elementor-column elementor-col-100 elementor-top-column elementor-element elementor-element-55f67081\" data-id=\"55f67081\" data-element_type=\"column\" data-e-type=\"column\">\n\t\t\t<div class=\"elementor-widget-wrap elementor-element-populated\">\n\t\t\t\t\t\t<div class=\"elementor-element elementor-element-1ed58c3a elementor-widget elementor-widget-heading\" data-id=\"1ed58c3a\" data-element_type=\"widget\" data-e-type=\"widget\" data-widget_type=\"heading.default\">\n\t\t\t\t<div class=\"elementor-widget-container\">\n\t\t\t\t\t<h2 class=\"elementor-heading-title elementor-size-default\">La exposici\u00f3n permanente \n<\/h2>\t\t\t\t<\/div>\n\t\t\t\t<\/div>\n\t\t\t\t<div class=\"elementor-element elementor-element-7aaf8c01 elementor-widget elementor-widget-text-editor\" data-id=\"7aaf8c01\" data-element_type=\"widget\" data-e-type=\"widget\" data-widget_type=\"text-editor.default\">\n\t\t\t\t<div class=\"elementor-widget-container\">\n\t\t\t\t\t\t\t\t\t<p>El Museo es el \u00fanico en el estado especializado en estampaci\u00f3n textil y es el segundo de Europa que est\u00e1 dedicado a esta especialidad. El Museo est\u00e1 ubicado en la ciudad de Premi\u00e0 de Mar, por la larga tradici\u00f3n que tiene en estampaci\u00f3n. En 1931 se estableci\u00f3 en Premi\u00e0 la f\u00e1brica Lyon-Barcelona, la primera de toda Espa\u00f1a donde se empez\u00f3 a estampar con la lionesa, un sistema similar a la serigraf\u00eda importado de la ciudad francesa de Li\u00f3n.<\/p><p>Alrededor de la f\u00e1brica se fueron instalando toda una serie de talleres sat\u00e9lites, donde se hac\u00edan dibujos, moldes para estampar, etc. Hasta el punto de que Premi\u00e0 de Mar fue el principal referente en grabaci\u00f3n de moldes del pa\u00eds, y uno de los m\u00e1s importantes en estampaci\u00f3n textil. Sus productos los vend\u00edan tanto a los estampadores locales como en el extranjero. Y es as\u00ed como la estampaci\u00f3n se convirti\u00f3 en el motor econ\u00f3mico de la ciudad durante buena parte del siglo XX.<\/p><p>El Museo destaca por explicar el inicio de la industrializaci\u00f3n en Catalu\u00f1a. Justamente, las primeras manufacturas de estampados, que hac\u00edan las llamadas indianas, abrieron paso a la industrializaci\u00f3n. El textil se convirti\u00f3 en \u00abla Industria\u00bb de Catalu\u00f1a, gracias a la actividad de estampaci\u00f3n, que estuvo en la base de su crecimiento econ\u00f3mico.<\/p><p>\u00a0<\/p><p>El talento local, el ingenio de tantos profesionales dedicados a esta actividad, hizo que la estampaci\u00f3n fuese un episodio muy importante de la historia de Catalu\u00f1a, y especialmente de nuestra villa. Desde los primeros manufactureros del siglo XVIII, la actividad ha impulsado estampadores, qu\u00edmicos coloristas, dise\u00f1adores, dibujantes de clich\u00e9s, grabadores, ingenieros y otros profesionales a hacer productos de calidad que traspasaron fronteras. El Museo pone en valor estos oficios, nos muestra nuestros or\u00edgenes como precedentes del talento que encontramos hoy en d\u00eda.<\/p><p>\u00a0<\/p>\t\t\t\t\t\t\t\t<\/div>\n\t\t\t\t<\/div>\n\t\t\t\t\t<\/div>\n\t\t<\/div>\n\t\t\t\t\t<\/div>\n\t\t<\/section>\n\t\t\t\t<section class=\"elementor-section elementor-top-section elementor-element elementor-element-10865974 elementor-section-boxed elementor-section-height-default elementor-section-height-default\" data-id=\"10865974\" data-element_type=\"section\" data-e-type=\"section\">\n\t\t\t\t\t\t<div class=\"elementor-container elementor-column-gap-default\">\n\t\t\t\t\t<div class=\"elementor-column elementor-col-100 elementor-top-column elementor-element elementor-element-cefa1ea\" data-id=\"cefa1ea\" data-element_type=\"column\" data-e-type=\"column\">\n\t\t\t<div class=\"elementor-widget-wrap elementor-element-populated\">\n\t\t\t\t\t\t<div class=\"elementor-element elementor-element-4150856 elementor--h-position-center elementor--v-position-middle elementor-arrows-position-inside elementor-pagination-position-inside elementor-widget elementor-widget-slides\" data-id=\"4150856\" data-element_type=\"widget\" data-e-type=\"widget\" data-settings=\"{&quot;navigation&quot;:&quot;both&quot;,&quot;autoplay&quot;:&quot;yes&quot;,&quot;pause_on_hover&quot;:&quot;yes&quot;,&quot;pause_on_interaction&quot;:&quot;yes&quot;,&quot;autoplay_speed&quot;:5000,&quot;infinite&quot;:&quot;yes&quot;,&quot;transition&quot;:&quot;slide&quot;,&quot;transition_speed&quot;:500}\" data-widget_type=\"slides.default\">\n\t\t\t\t<div class=\"elementor-widget-container\">\n\t\t\t\t\t\t\t<div class=\"elementor-swiper\">\n\t\t\t<div class=\"elementor-slides-wrapper elementor-main-swiper swiper-container\" dir=\"ltr\" data-animation=\"fadeInUp\">\n\t\t\t\t<div class=\"swiper-wrapper elementor-slides\">\n\t\t\t\t\t\t\t\t\t\t<div class=\"elementor-repeater-item-f3c3d7e swiper-slide\"><div class=\"swiper-slide-bg\" role=\"img\"><\/div><div class=\"swiper-slide-inner\" ><div class=\"swiper-slide-contents\"><\/div><\/div><\/div><div class=\"elementor-repeater-item-2853796 swiper-slide\"><div class=\"swiper-slide-bg\" role=\"img\"><\/div><div class=\"swiper-slide-inner\" ><div class=\"swiper-slide-contents\"><\/div><\/div><\/div><div class=\"elementor-repeater-item-0b7ec4b swiper-slide\"><div class=\"swiper-slide-bg\" role=\"img\"><\/div><div class=\"swiper-slide-inner\" ><div class=\"swiper-slide-contents\"><\/div><\/div><\/div><div class=\"elementor-repeater-item-7ed9f3b swiper-slide\"><div class=\"swiper-slide-bg\" role=\"img\"><\/div><div class=\"swiper-slide-inner\" ><div class=\"swiper-slide-contents\"><\/div><\/div><\/div><div class=\"elementor-repeater-item-6e420a9 swiper-slide\"><div class=\"swiper-slide-bg\" role=\"img\"><\/div><div class=\"swiper-slide-inner\" ><div class=\"swiper-slide-contents\"><\/div><\/div><\/div><div class=\"elementor-repeater-item-9d8ce44 swiper-slide\"><div class=\"swiper-slide-bg\" role=\"img\"><\/div><div class=\"swiper-slide-inner\" ><div class=\"swiper-slide-contents\"><\/div><\/div><\/div><div class=\"elementor-repeater-item-e18eea1 swiper-slide\"><div class=\"swiper-slide-bg\" role=\"img\"><\/div><div class=\"swiper-slide-inner\" ><div class=\"swiper-slide-contents\"><\/div><\/div><\/div><div class=\"elementor-repeater-item-bb727e7 swiper-slide\"><div class=\"swiper-slide-bg\" role=\"img\"><\/div><div class=\"swiper-slide-inner\" ><div class=\"swiper-slide-contents\"><\/div><\/div><\/div><div class=\"elementor-repeater-item-7e2fd1c swiper-slide\"><div class=\"swiper-slide-bg\" role=\"img\"><\/div><div class=\"swiper-slide-inner\" ><div class=\"swiper-slide-contents\"><\/div><\/div><\/div><div class=\"elementor-repeater-item-5453abf swiper-slide\"><div class=\"swiper-slide-bg\" role=\"img\"><\/div><div class=\"swiper-slide-inner\" ><div class=\"swiper-slide-contents\"><\/div><\/div><\/div><div class=\"elementor-repeater-item-0484e67 swiper-slide\"><div class=\"swiper-slide-bg\" role=\"img\"><\/div><div class=\"swiper-slide-inner\" ><div class=\"swiper-slide-contents\"><\/div><\/div><\/div>\t\t\t\t<\/div>\n\t\t\t\t\t\t\t\t\t\t\t\t\t\t\t<div class=\"swiper-pagination\"><\/div>\n\t\t\t\t\t\t\t\t\t\t\t\t\t\t\t\t<div class=\"elementor-swiper-button elementor-swiper-button-prev\" role=\"button\" tabindex=\"0\">\n\t\t\t\t\t\t\t<i aria-hidden=\"true\" class=\"eicon-chevron-left\"><\/i>\t\t\t\t\t\t\t<span class=\"elementor-screen-only\">Diapositiva anterior<\/span>\n\t\t\t\t\t\t<\/div>\n\t\t\t\t\t\t<div class=\"elementor-swiper-button elementor-swiper-button-next\" role=\"button\" tabindex=\"0\">\n\t\t\t\t\t\t\t<i aria-hidden=\"true\" class=\"eicon-chevron-right\"><\/i>\t\t\t\t\t\t\t<span class=\"elementor-screen-only\">Diapositiva siguiente<\/span>\n\t\t\t\t\t\t<\/div>\n\t\t\t\t\t\t\t\t\t\t\t\t<\/div>\n\t\t<\/div>\n\t\t\t\t\t\t<\/div>\n\t\t\t\t<\/div>\n\t\t\t\t\t<\/div>\n\t\t<\/div>\n\t\t\t\t\t<\/div>\n\t\t<\/section>\n\t\t\t\t<section class=\"elementor-section elementor-top-section elementor-element elementor-element-32dffcde elementor-section-boxed elementor-section-height-default elementor-section-height-default\" data-id=\"32dffcde\" data-element_type=\"section\" data-e-type=\"section\">\n\t\t\t\t\t\t<div class=\"elementor-container elementor-column-gap-default\">\n\t\t\t\t\t<div class=\"elementor-column elementor-col-100 elementor-top-column elementor-element elementor-element-34d599b0\" data-id=\"34d599b0\" data-element_type=\"column\" data-e-type=\"column\">\n\t\t\t<div class=\"elementor-widget-wrap elementor-element-populated\">\n\t\t\t\t\t\t<div class=\"elementor-element elementor-element-db6a068 elementor-widget elementor-widget-heading\" data-id=\"db6a068\" data-element_type=\"widget\" data-e-type=\"widget\" data-widget_type=\"heading.default\">\n\t\t\t\t<div class=\"elementor-widget-container\">\n\t\t\t\t\t<h2 class=\"elementor-heading-title elementor-size-default\">\u00c1mbitos de la exposici\u00f3n \n<\/h2>\t\t\t\t<\/div>\n\t\t\t\t<\/div>\n\t\t\t\t<div class=\"elementor-element elementor-element-57cc2107 elementor-widget elementor-widget-text-editor\" data-id=\"57cc2107\" data-element_type=\"widget\" data-e-type=\"widget\" data-widget_type=\"text-editor.default\">\n\t\t\t\t<div class=\"elementor-widget-container\">\n\t\t\t\t\t\t\t\t\t<p>La exposici\u00f3n permanente hace un recorrido por diferentes aspectos de la estampaci\u00f3n textil en Catalu\u00f1a, desde una mirada transversal. Hay diferentes apartados, que se pueden leer desde la historia, la ciencia, la t\u00e9cnica y la tradici\u00f3n local.<\/p><p>La figura de \u201cLa Fabricanta\u201d da la bienvenida a la exposici\u00f3n, y abre paso a las primeras manufacturas de indianas del siglo XVIII. En la exposici\u00f3n veremos c\u00f3mo se fabricaban los primeros estampados, con la recreaci\u00f3n de un taller antiguo. A continuaci\u00f3n, se hace un trayecto por la moda de los estampados de indianas y el crecimiento exponencial de las manufacturas en todo el pa\u00eds, que termina con un gran mapa de Europa donde se explica la relevancia de la industria de estampaci\u00f3n en el contexto de la industrializaci\u00f3n de Catalu\u00f1a.<\/p><p>Sigue el recorrido con una introducci\u00f3n a la t\u00e9cnica de estampaci\u00f3n, donde se pueden ver los principales avances tecnol\u00f3gicos de cada \u00e9poca. La exposici\u00f3n hace un recorrido por las t\u00e9cnicas y maquinarias m\u00e1s empleadas para estampar desde el siglo XVIII hasta la actualidad, y destaca los cambios que estos avances originaron en la moda.<\/p><p>La exposici\u00f3n contin\u00faa con unos \u00e1mbitos dedicados a la qu\u00edmica del color, como una ambientaci\u00f3n donde se recrean un laboratorio y una cocina de colores, y una galer\u00eda de dise\u00f1os originales, muestrarios, formularios y otros objetos donde el color es el protagonista.<\/p><p>El recorrido por la exposici\u00f3n permanente est\u00e1 dedicado a la industria textil de Premi\u00e0 de Mar, un espacio donde se destaca el talento local, los oficios que se practicaron y las f\u00e1bricas que marcaron el paisaje de la ciudad.<\/p>\t\t\t\t\t\t\t\t<\/div>\n\t\t\t\t<\/div>\n\t\t\t\t\t<\/div>\n\t\t<\/div>\n\t\t\t\t\t<\/div>\n\t\t<\/section>\n\t\t\t\t<section class=\"elementor-section elementor-top-section elementor-element elementor-element-6f397759 elementor-section-full_width elementor-section-height-default elementor-section-height-default\" data-id=\"6f397759\" data-element_type=\"section\" data-e-type=\"section\">\n\t\t\t\t\t\t<div class=\"elementor-container elementor-column-gap-default\">\n\t\t\t\t\t<div class=\"elementor-column elementor-col-100 elementor-top-column elementor-element elementor-element-3a982181\" data-id=\"3a982181\" data-element_type=\"column\" data-e-type=\"column\">\n\t\t\t<div class=\"elementor-widget-wrap elementor-element-populated\">\n\t\t\t\t\t\t<div class=\"elementor-element elementor-element-7d8de7db elementor-widget elementor-widget-image\" data-id=\"7d8de7db\" data-element_type=\"widget\" data-e-type=\"widget\" data-widget_type=\"image.default\">\n\t\t\t\t<div class=\"elementor-widget-container\">\n\t\t\t\t\t\t\t\t\t\t\t\t\t\t\t<img decoding=\"async\" width=\"2000\" height=\"400\" src=\"https:\/\/museuestampacio.pdm.cat\/wp-content\/uploads\/2020\/12\/f-fig.-40.jpg\" class=\"attachment-full size-full wp-image-1701\" alt=\"\" srcset=\"https:\/\/museuestampacio.pdm.cat\/wp-content\/uploads\/2020\/12\/f-fig.-40.jpg 2000w, https:\/\/museuestampacio.pdm.cat\/wp-content\/uploads\/2020\/12\/f-fig.-40-300x60.jpg 300w, https:\/\/museuestampacio.pdm.cat\/wp-content\/uploads\/2020\/12\/f-fig.-40-1024x205.jpg 1024w, https:\/\/museuestampacio.pdm.cat\/wp-content\/uploads\/2020\/12\/f-fig.-40-768x154.jpg 768w, https:\/\/museuestampacio.pdm.cat\/wp-content\/uploads\/2020\/12\/f-fig.-40-1536x307.jpg 1536w\" sizes=\"(max-width: 2000px) 100vw, 2000px\" \/>\t\t\t\t\t\t\t\t\t\t\t\t\t\t\t<\/div>\n\t\t\t\t<\/div>\n\t\t\t\t\t<\/div>\n\t\t<\/div>\n\t\t\t\t\t<\/div>\n\t\t<\/section>\n\t\t\t\t<\/div>\n\t\t","protected":false},"excerpt":{"rendered":"<p>La exposici\u00f3n permanente El Museo es el \u00fanico en el estado especializado en estampaci\u00f3n textil y es el segundo de Europa que est\u00e1 dedicado a esta especialidad. El Museo est\u00e1 ubicado en la ciudad de Premi\u00e0 de Mar, por la larga tradici\u00f3n que tiene en estampaci\u00f3n. En 1931 se estableci\u00f3 en Premi\u00e0 la f\u00e1brica Lyon-Barcelona, &#8230; <a title=\"Exposici\u00f3n permanente\" class=\"read-more\" href=\"https:\/\/museuestampacio.pdm.cat\/es\/exposicion-permanente\/\" aria-label=\"Leer m\u00e1s sobre Exposici\u00f3n permanente\">Leer m\u00e1s<\/a><\/p>\n","protected":false},"author":2,"featured_media":0,"parent":0,"menu_order":0,"comment_status":"closed","ping_status":"closed","template":"elementor_header_footer","meta":{"footnotes":""},"class_list":["post-1948","page","type-page","status-publish"],"_links":{"self":[{"href":"https:\/\/museuestampacio.pdm.cat\/es\/wp-json\/wp\/v2\/pages\/1948","targetHints":{"allow":["GET"]}}],"collection":[{"href":"https:\/\/museuestampacio.pdm.cat\/es\/wp-json\/wp\/v2\/pages"}],"about":[{"href":"https:\/\/museuestampacio.pdm.cat\/es\/wp-json\/wp\/v2\/types\/page"}],"author":[{"embeddable":true,"href":"https:\/\/museuestampacio.pdm.cat\/es\/wp-json\/wp\/v2\/users\/2"}],"replies":[{"embeddable":true,"href":"https:\/\/museuestampacio.pdm.cat\/es\/wp-json\/wp\/v2\/comments?post=1948"}],"version-history":[{"count":10,"href":"https:\/\/museuestampacio.pdm.cat\/es\/wp-json\/wp\/v2\/pages\/1948\/revisions"}],"predecessor-version":[{"id":2512,"href":"https:\/\/museuestampacio.pdm.cat\/es\/wp-json\/wp\/v2\/pages\/1948\/revisions\/2512"}],"wp:attachment":[{"href":"https:\/\/museuestampacio.pdm.cat\/es\/wp-json\/wp\/v2\/media?parent=1948"}],"curies":[{"name":"wp","href":"https:\/\/api.w.org\/{rel}","templated":true}]}}