{"id":1921,"date":"2020-12-21T12:25:27","date_gmt":"2020-12-21T10:25:27","guid":{"rendered":"https:\/\/museu.pdm.cat\/?page_id=1921"},"modified":"2021-02-26T16:21:05","modified_gmt":"2021-02-26T14:21:05","slug":"colaboraciones","status":"publish","type":"page","link":"https:\/\/museuestampacio.pdm.cat\/es\/colaboraciones\/","title":{"rendered":"Colaboraciones"},"content":{"rendered":"\t\t<div data-elementor-type=\"wp-page\" data-elementor-id=\"1921\" class=\"elementor elementor-1921 elementor-559\" data-elementor-post-type=\"page\">\n\t\t\t\t\t\t<section class=\"elementor-section elementor-top-section elementor-element elementor-element-2c27291 elementor-section-height-min-height elementor-section-items-bottom elementor-section-boxed elementor-section-height-default elementor-invisible\" data-id=\"2c27291\" data-element_type=\"section\" data-e-type=\"section\" data-settings=\"{&quot;background_background&quot;:&quot;classic&quot;,&quot;animation&quot;:&quot;fadeInDown&quot;}\">\n\t\t\t\t\t\t<div class=\"elementor-container elementor-column-gap-default\">\n\t\t\t\t\t<div class=\"elementor-column elementor-col-100 elementor-top-column elementor-element elementor-element-6c4a28c8\" data-id=\"6c4a28c8\" data-element_type=\"column\" data-e-type=\"column\">\n\t\t\t<div class=\"elementor-widget-wrap elementor-element-populated\">\n\t\t\t\t\t\t\t<\/div>\n\t\t<\/div>\n\t\t\t\t\t<\/div>\n\t\t<\/section>\n\t\t\t\t<section class=\"elementor-section elementor-top-section elementor-element elementor-element-525e735e elementor-section-boxed elementor-section-height-default elementor-section-height-default\" data-id=\"525e735e\" data-element_type=\"section\" data-e-type=\"section\">\n\t\t\t\t\t\t<div class=\"elementor-container elementor-column-gap-default\">\n\t\t\t\t\t<div class=\"elementor-column elementor-col-100 elementor-top-column elementor-element elementor-element-2ae39660\" data-id=\"2ae39660\" data-element_type=\"column\" data-e-type=\"column\">\n\t\t\t<div class=\"elementor-widget-wrap elementor-element-populated\">\n\t\t\t\t\t\t<div class=\"elementor-element elementor-element-f7d7693 elementor-invisible elementor-widget elementor-widget-image\" data-id=\"f7d7693\" data-element_type=\"widget\" data-e-type=\"widget\" data-settings=\"{&quot;_animation&quot;:&quot;zoomIn&quot;,&quot;_animation_delay&quot;:1000}\" data-widget_type=\"image.default\">\n\t\t\t\t<div class=\"elementor-widget-container\">\n\t\t\t\t\t\t\t\t\t\t\t\t\t\t\t<img fetchpriority=\"high\" decoding=\"async\" width=\"288\" height=\"288\" src=\"https:\/\/museuestampacio.pdm.cat\/wp-content\/uploads\/2020\/12\/fig_28-museu-estampacio-premia-de-mar.png\" class=\"attachment-full size-full wp-image-1685\" alt=\"\" srcset=\"https:\/\/museuestampacio.pdm.cat\/wp-content\/uploads\/2020\/12\/fig_28-museu-estampacio-premia-de-mar.png 288w, https:\/\/museuestampacio.pdm.cat\/wp-content\/uploads\/2020\/12\/fig_28-museu-estampacio-premia-de-mar-150x150.png 150w\" sizes=\"(max-width: 288px) 100vw, 288px\" \/>\t\t\t\t\t\t\t\t\t\t\t\t\t\t\t<\/div>\n\t\t\t\t<\/div>\n\t\t\t\t\t<\/div>\n\t\t<\/div>\n\t\t\t\t\t<\/div>\n\t\t<\/section>\n\t\t\t\t<section class=\"elementor-section elementor-top-section elementor-element elementor-element-200d0851 elementor-section-boxed elementor-section-height-default elementor-section-height-default\" data-id=\"200d0851\" data-element_type=\"section\" data-e-type=\"section\">\n\t\t\t\t\t\t<div class=\"elementor-container elementor-column-gap-default\">\n\t\t\t\t\t<div class=\"elementor-column elementor-col-50 elementor-top-column elementor-element elementor-element-1a62ea95\" data-id=\"1a62ea95\" data-element_type=\"column\" data-e-type=\"column\">\n\t\t\t<div class=\"elementor-widget-wrap elementor-element-populated\">\n\t\t\t\t\t\t<div class=\"elementor-element elementor-element-16d54a4c elementor-widget elementor-widget-heading\" data-id=\"16d54a4c\" data-element_type=\"widget\" data-e-type=\"widget\" data-widget_type=\"heading.default\">\n\t\t\t\t<div class=\"elementor-widget-container\">\n\t\t\t\t\t<h2 class=\"elementor-heading-title elementor-size-default\">Colaboraciones<\/h2>\t\t\t\t<\/div>\n\t\t\t\t<\/div>\n\t\t\t\t<div class=\"elementor-element elementor-element-2cc908c4 elementor-widget elementor-widget-text-editor\" data-id=\"2cc908c4\" data-element_type=\"widget\" data-e-type=\"widget\" data-widget_type=\"text-editor.default\">\n\t\t\t\t<div class=\"elementor-widget-container\">\n\t\t\t\t\t\t\t\t\t<p>El Museo de la Estampaci\u00f3n colabora con diferentes organismos e instituciones cediendo temporalmente piezas de la exposici\u00f3n permanente o de la reserva.<\/p><p>El fondo del Museo es extenso y no se puede mostrar todo lo que hay en registro. De este modo, se permite exhibir piezas o partes de colecciones que pueden ver la luz durante un tiempo.<\/p><p>Tambi\u00e9n colabora puntualmente en publicaciones, aportando informaci\u00f3n y difundiendo conocimientos sobre el mundo la estampaci\u00f3n.<\/p>\t\t\t\t\t\t\t\t<\/div>\n\t\t\t\t<\/div>\n\t\t\t\t<div class=\"elementor-element elementor-element-122ccc40 elementor-widget-divider--view-line elementor-widget elementor-widget-divider\" data-id=\"122ccc40\" data-element_type=\"widget\" data-e-type=\"widget\" data-widget_type=\"divider.default\">\n\t\t\t\t<div class=\"elementor-widget-container\">\n\t\t\t\t\t\t\t<div class=\"elementor-divider\">\n\t\t\t<span class=\"elementor-divider-separator\">\n\t\t\t\t\t\t<\/span>\n\t\t<\/div>\n\t\t\t\t\t\t<\/div>\n\t\t\t\t<\/div>\n\t\t\t\t<div class=\"elementor-element elementor-element-fd831c9 elementor-widget elementor-widget-heading\" data-id=\"fd831c9\" data-element_type=\"widget\" data-e-type=\"widget\" data-widget_type=\"heading.default\">\n\t\t\t\t<div class=\"elementor-widget-container\">\n\t\t\t\t\t<h2 class=\"elementor-heading-title elementor-size-default\">Colaboraciones en curso<\/h2>\t\t\t\t<\/div>\n\t\t\t\t<\/div>\n\t\t\t\t<div class=\"elementor-element elementor-element-ad22b1c elementor-widget elementor-widget-text-editor\" data-id=\"ad22b1c\" data-element_type=\"widget\" data-e-type=\"widget\" data-widget_type=\"text-editor.default\">\n\t\t\t\t<div class=\"elementor-widget-container\">\n\t\t\t\t\t\t\t\t\t<p>El Museo ha cedido dos piezas en pr\u00e9stamo en el Museo Etnol\u00f3gico y de Culturas del Mundo para la exposici\u00f3n temporal <strong>\u00abUdjat. El exotismo neo-egipcio en Barcelona\u00bb<\/strong>. La exposici\u00f3n temporal trata sobre la expropiaci\u00f3n por parte de Occidente del mito del antiguo Egipto como elemento clave de construcci\u00f3n de la alteridad, es decir, en la concepci\u00f3n de las culturas no occidentales, la idea de la exotismo de la sociedad rom\u00e1ntica del siglo XIX.<\/p><p>El Museo de la Estampaci\u00f3n de Premi\u00e0 de Mar ha aportado dos dibujos originales para la estampaci\u00f3n textil de los a\u00f1os de 1920 que se inscriben dentro de esta tem\u00e1tica. La exposici\u00f3n permanecer\u00e1 abierta hasta junio de 2021.<\/p><p><img decoding=\"async\" class=\"alignnone wp-image-2634\" src=\"https:\/\/museuestampacio.pdm.cat\/wp-content\/uploads\/2021\/02\/0001-1-Co\u0300pia-258x300.jpg\" alt=\"\" width=\"198\" height=\"230\" srcset=\"https:\/\/museuestampacio.pdm.cat\/wp-content\/uploads\/2021\/02\/0001-1-Co\u0300pia-258x300.jpg 258w, https:\/\/museuestampacio.pdm.cat\/wp-content\/uploads\/2021\/02\/0001-1-Co\u0300pia-882x1024.jpg 882w, https:\/\/museuestampacio.pdm.cat\/wp-content\/uploads\/2021\/02\/0001-1-Co\u0300pia-768x892.jpg 768w, https:\/\/museuestampacio.pdm.cat\/wp-content\/uploads\/2021\/02\/0001-1-Co\u0300pia-1323x1536.jpg 1323w, https:\/\/museuestampacio.pdm.cat\/wp-content\/uploads\/2021\/02\/0001-1-Co\u0300pia-1764x2048.jpg 1764w\" sizes=\"(max-width: 198px) 100vw, 198px\" \/> <img decoding=\"async\" class=\"alignnone wp-image-2636\" src=\"https:\/\/museuestampacio.pdm.cat\/wp-content\/uploads\/2021\/02\/0002-Co\u0300pia-300x235.jpg\" alt=\"\" width=\"294\" height=\"230\" srcset=\"https:\/\/museuestampacio.pdm.cat\/wp-content\/uploads\/2021\/02\/0002-Co\u0300pia-300x235.jpg 300w, https:\/\/museuestampacio.pdm.cat\/wp-content\/uploads\/2021\/02\/0002-Co\u0300pia-1024x802.jpg 1024w, https:\/\/museuestampacio.pdm.cat\/wp-content\/uploads\/2021\/02\/0002-Co\u0300pia-768x601.jpg 768w, https:\/\/museuestampacio.pdm.cat\/wp-content\/uploads\/2021\/02\/0002-Co\u0300pia-1536x1203.jpg 1536w, https:\/\/museuestampacio.pdm.cat\/wp-content\/uploads\/2021\/02\/0002-Co\u0300pia-2048x1604.jpg 2048w\" sizes=\"(max-width: 294px) 100vw, 294px\" \/><\/p>\t\t\t\t\t\t\t\t<\/div>\n\t\t\t\t<\/div>\n\t\t\t\t\t<\/div>\n\t\t<\/div>\n\t\t\t\t<div class=\"elementor-column elementor-col-50 elementor-top-column elementor-element elementor-element-6ff9d93d\" data-id=\"6ff9d93d\" data-element_type=\"column\" data-e-type=\"column\">\n\t\t\t<div class=\"elementor-widget-wrap elementor-element-populated\">\n\t\t\t\t\t\t<div class=\"elementor-element elementor-element-682ca445 animated-slow elementor-invisible elementor-widget elementor-widget-image\" data-id=\"682ca445\" data-element_type=\"widget\" data-e-type=\"widget\" data-settings=\"{&quot;_animation&quot;:&quot;fadeIn&quot;,&quot;_animation_delay&quot;:1000}\" data-widget_type=\"image.default\">\n\t\t\t\t<div class=\"elementor-widget-container\">\n\t\t\t\t\t\t\t\t\t\t\t\t\t\t\t\t<a href=\"https:\/\/museuestampacio.pdm.cat\/wp-content\/uploads\/2020\/12\/colaboracions-1-museu-estampacio.jpg\" data-elementor-open-lightbox=\"yes\" data-e-action-hash=\"#elementor-action%3Aaction%3Dlightbox%26settings%3DeyJpZCI6MTc3MiwidXJsIjoiaHR0cHM6XC9cL211c2V1ZXN0YW1wYWNpby5wZG0uY2F0XC93cC1jb250ZW50XC91cGxvYWRzXC8yMDIwXC8xMlwvY29sYWJvcmFjaW9ucy0xLW11c2V1LWVzdGFtcGFjaW8uanBnIn0%3D\">\n\t\t\t\t\t\t\t<img loading=\"lazy\" decoding=\"async\" width=\"900\" height=\"576\" src=\"https:\/\/museuestampacio.pdm.cat\/wp-content\/uploads\/2020\/12\/colaboracions-1-museu-estampacio.jpg\" class=\"attachment-large size-large wp-image-1772\" alt=\"\" srcset=\"https:\/\/museuestampacio.pdm.cat\/wp-content\/uploads\/2020\/12\/colaboracions-1-museu-estampacio.jpg 900w, https:\/\/museuestampacio.pdm.cat\/wp-content\/uploads\/2020\/12\/colaboracions-1-museu-estampacio-300x192.jpg 300w, https:\/\/museuestampacio.pdm.cat\/wp-content\/uploads\/2020\/12\/colaboracions-1-museu-estampacio-768x492.jpg 768w\" sizes=\"(max-width: 900px) 100vw, 900px\" \/>\t\t\t\t\t\t\t\t<\/a>\n\t\t\t\t\t\t\t\t\t\t\t\t\t\t\t<\/div>\n\t\t\t\t<\/div>\n\t\t\t\t<div class=\"elementor-element elementor-element-549b642 animated-slow elementor-invisible elementor-widget elementor-widget-image\" data-id=\"549b642\" data-element_type=\"widget\" data-e-type=\"widget\" data-settings=\"{&quot;_animation&quot;:&quot;fadeIn&quot;}\" data-widget_type=\"image.default\">\n\t\t\t\t<div class=\"elementor-widget-container\">\n\t\t\t\t\t\t\t\t\t\t\t\t\t\t\t\t<a href=\"https:\/\/museuestampacio.pdm.cat\/wp-content\/uploads\/2020\/12\/colaboracions-2-museu-estampacio.jpg\" data-elementor-open-lightbox=\"yes\" data-e-action-hash=\"#elementor-action%3Aaction%3Dlightbox%26settings%3DeyJpZCI6MTc3MywidXJsIjoiaHR0cHM6XC9cL211c2V1ZXN0YW1wYWNpby5wZG0uY2F0XC93cC1jb250ZW50XC91cGxvYWRzXC8yMDIwXC8xMlwvY29sYWJvcmFjaW9ucy0yLW11c2V1LWVzdGFtcGFjaW8uanBnIn0%3D\">\n\t\t\t\t\t\t\t<img loading=\"lazy\" decoding=\"async\" width=\"900\" height=\"576\" src=\"https:\/\/museuestampacio.pdm.cat\/wp-content\/uploads\/2020\/12\/colaboracions-2-museu-estampacio.jpg\" class=\"attachment-large size-large wp-image-1773\" alt=\"\" srcset=\"https:\/\/museuestampacio.pdm.cat\/wp-content\/uploads\/2020\/12\/colaboracions-2-museu-estampacio.jpg 900w, https:\/\/museuestampacio.pdm.cat\/wp-content\/uploads\/2020\/12\/colaboracions-2-museu-estampacio-300x192.jpg 300w, https:\/\/museuestampacio.pdm.cat\/wp-content\/uploads\/2020\/12\/colaboracions-2-museu-estampacio-768x492.jpg 768w\" sizes=\"(max-width: 900px) 100vw, 900px\" \/>\t\t\t\t\t\t\t\t<\/a>\n\t\t\t\t\t\t\t\t\t\t\t\t\t\t\t<\/div>\n\t\t\t\t<\/div>\n\t\t\t\t<div class=\"elementor-element elementor-element-48cd5db animated-slow elementor-invisible elementor-widget elementor-widget-image\" data-id=\"48cd5db\" data-element_type=\"widget\" data-e-type=\"widget\" data-settings=\"{&quot;_animation&quot;:&quot;fadeIn&quot;}\" data-widget_type=\"image.default\">\n\t\t\t\t<div class=\"elementor-widget-container\">\n\t\t\t\t\t\t\t\t\t\t\t\t\t\t\t\t<a href=\"https:\/\/museuestampacio.pdm.cat\/wp-content\/uploads\/2020\/12\/colaboracions-3-museu-estampacio.jpg\" data-elementor-open-lightbox=\"yes\" data-e-action-hash=\"#elementor-action%3Aaction%3Dlightbox%26settings%3DeyJpZCI6MTc3MSwidXJsIjoiaHR0cHM6XC9cL211c2V1ZXN0YW1wYWNpby5wZG0uY2F0XC93cC1jb250ZW50XC91cGxvYWRzXC8yMDIwXC8xMlwvY29sYWJvcmFjaW9ucy0zLW11c2V1LWVzdGFtcGFjaW8uanBnIn0%3D\">\n\t\t\t\t\t\t\t<img loading=\"lazy\" decoding=\"async\" width=\"900\" height=\"576\" src=\"https:\/\/museuestampacio.pdm.cat\/wp-content\/uploads\/2020\/12\/colaboracions-3-museu-estampacio.jpg\" class=\"attachment-large size-large wp-image-1771\" alt=\"\" srcset=\"https:\/\/museuestampacio.pdm.cat\/wp-content\/uploads\/2020\/12\/colaboracions-3-museu-estampacio.jpg 900w, https:\/\/museuestampacio.pdm.cat\/wp-content\/uploads\/2020\/12\/colaboracions-3-museu-estampacio-300x192.jpg 300w, https:\/\/museuestampacio.pdm.cat\/wp-content\/uploads\/2020\/12\/colaboracions-3-museu-estampacio-768x492.jpg 768w\" sizes=\"(max-width: 900px) 100vw, 900px\" \/>\t\t\t\t\t\t\t\t<\/a>\n\t\t\t\t\t\t\t\t\t\t\t\t\t\t\t<\/div>\n\t\t\t\t<\/div>\n\t\t\t\t\t<\/div>\n\t\t<\/div>\n\t\t\t\t\t<\/div>\n\t\t<\/section>\n\t\t\t\t<section class=\"elementor-section elementor-top-section elementor-element elementor-element-39065d78 elementor-section-boxed elementor-section-height-default elementor-section-height-default\" data-id=\"39065d78\" data-element_type=\"section\" data-e-type=\"section\">\n\t\t\t\t\t\t<div class=\"elementor-container elementor-column-gap-default\">\n\t\t\t\t\t<div class=\"elementor-column elementor-col-100 elementor-top-column elementor-element elementor-element-582b07f5\" data-id=\"582b07f5\" data-element_type=\"column\" data-e-type=\"column\">\n\t\t\t<div class=\"elementor-widget-wrap\">\n\t\t\t\t\t\t\t<\/div>\n\t\t<\/div>\n\t\t\t\t\t<\/div>\n\t\t<\/section>\n\t\t\t\t<section class=\"elementor-section elementor-top-section elementor-element elementor-element-6a7ba648 elementor-section-full_width elementor-section-height-default elementor-section-height-default\" data-id=\"6a7ba648\" data-element_type=\"section\" data-e-type=\"section\">\n\t\t\t\t\t\t<div class=\"elementor-container elementor-column-gap-default\">\n\t\t\t\t\t<div class=\"elementor-column elementor-col-100 elementor-top-column elementor-element elementor-element-5a3e1327\" data-id=\"5a3e1327\" data-element_type=\"column\" data-e-type=\"column\">\n\t\t\t<div class=\"elementor-widget-wrap elementor-element-populated\">\n\t\t\t\t\t\t<div class=\"elementor-element elementor-element-11492b06 elementor-widget elementor-widget-image\" data-id=\"11492b06\" data-element_type=\"widget\" data-e-type=\"widget\" data-widget_type=\"image.default\">\n\t\t\t\t<div class=\"elementor-widget-container\">\n\t\t\t\t\t\t\t\t\t\t\t\t\t\t\t<img loading=\"lazy\" decoding=\"async\" width=\"2000\" height=\"400\" src=\"https:\/\/museuestampacio.pdm.cat\/wp-content\/uploads\/2020\/12\/f-fig.-28.jpg\" class=\"attachment-full size-full wp-image-1695\" alt=\"\" srcset=\"https:\/\/museuestampacio.pdm.cat\/wp-content\/uploads\/2020\/12\/f-fig.-28.jpg 2000w, https:\/\/museuestampacio.pdm.cat\/wp-content\/uploads\/2020\/12\/f-fig.-28-300x60.jpg 300w, https:\/\/museuestampacio.pdm.cat\/wp-content\/uploads\/2020\/12\/f-fig.-28-1024x205.jpg 1024w, https:\/\/museuestampacio.pdm.cat\/wp-content\/uploads\/2020\/12\/f-fig.-28-768x154.jpg 768w, https:\/\/museuestampacio.pdm.cat\/wp-content\/uploads\/2020\/12\/f-fig.-28-1536x307.jpg 1536w\" sizes=\"(max-width: 2000px) 100vw, 2000px\" \/>\t\t\t\t\t\t\t\t\t\t\t\t\t\t\t<\/div>\n\t\t\t\t<\/div>\n\t\t\t\t\t<\/div>\n\t\t<\/div>\n\t\t\t\t\t<\/div>\n\t\t<\/section>\n\t\t\t\t<\/div>\n\t\t","protected":false},"excerpt":{"rendered":"<p>Colaboraciones El Museo de la Estampaci\u00f3n colabora con diferentes organismos e instituciones cediendo temporalmente piezas de la exposici\u00f3n permanente o de la reserva. El fondo del Museo es extenso y no se puede mostrar todo lo que hay en registro. De este modo, se permite exhibir piezas o partes de colecciones que pueden ver la &#8230; <a title=\"Colaboraciones\" class=\"read-more\" href=\"https:\/\/museuestampacio.pdm.cat\/es\/colaboraciones\/\" aria-label=\"Leer m\u00e1s sobre Colaboraciones\">Leer m\u00e1s<\/a><\/p>\n","protected":false},"author":2,"featured_media":0,"parent":0,"menu_order":0,"comment_status":"closed","ping_status":"closed","template":"elementor_header_footer","meta":{"footnotes":""},"class_list":["post-1921","page","type-page","status-publish"],"_links":{"self":[{"href":"https:\/\/museuestampacio.pdm.cat\/es\/wp-json\/wp\/v2\/pages\/1921","targetHints":{"allow":["GET"]}}],"collection":[{"href":"https:\/\/museuestampacio.pdm.cat\/es\/wp-json\/wp\/v2\/pages"}],"about":[{"href":"https:\/\/museuestampacio.pdm.cat\/es\/wp-json\/wp\/v2\/types\/page"}],"author":[{"embeddable":true,"href":"https:\/\/museuestampacio.pdm.cat\/es\/wp-json\/wp\/v2\/users\/2"}],"replies":[{"embeddable":true,"href":"https:\/\/museuestampacio.pdm.cat\/es\/wp-json\/wp\/v2\/comments?post=1921"}],"version-history":[{"count":13,"href":"https:\/\/museuestampacio.pdm.cat\/es\/wp-json\/wp\/v2\/pages\/1921\/revisions"}],"predecessor-version":[{"id":2640,"href":"https:\/\/museuestampacio.pdm.cat\/es\/wp-json\/wp\/v2\/pages\/1921\/revisions\/2640"}],"wp:attachment":[{"href":"https:\/\/museuestampacio.pdm.cat\/es\/wp-json\/wp\/v2\/media?parent=1921"}],"curies":[{"name":"wp","href":"https:\/\/api.w.org\/{rel}","templated":true}]}}