{"id":1598,"date":"2020-12-18T17:30:24","date_gmt":"2020-12-18T15:30:24","guid":{"rendered":"https:\/\/museu.pdm.cat\/?page_id=1598"},"modified":"2020-12-21T12:18:46","modified_gmt":"2020-12-21T10:18:46","slug":"accesibilidad","status":"publish","type":"page","link":"https:\/\/museuestampacio.pdm.cat\/es\/accesibilidad\/","title":{"rendered":"ACCESIBILIDAD"},"content":{"rendered":"\t\t<div data-elementor-type=\"wp-page\" data-elementor-id=\"1598\" class=\"elementor elementor-1598 elementor-538\" data-elementor-post-type=\"page\">\n\t\t\t\t\t\t<section class=\"elementor-section elementor-top-section elementor-element elementor-element-4f71c5c7 elementor-section-height-min-height elementor-section-items-bottom elementor-section-boxed elementor-section-height-default elementor-invisible\" data-id=\"4f71c5c7\" data-element_type=\"section\" data-e-type=\"section\" data-settings=\"{&quot;background_background&quot;:&quot;classic&quot;,&quot;animation&quot;:&quot;fadeInDown&quot;}\">\n\t\t\t\t\t\t<div class=\"elementor-container elementor-column-gap-default\">\n\t\t\t\t\t<div class=\"elementor-column elementor-col-100 elementor-top-column elementor-element elementor-element-4b43cb69\" data-id=\"4b43cb69\" data-element_type=\"column\" data-e-type=\"column\">\n\t\t\t<div class=\"elementor-widget-wrap elementor-element-populated\">\n\t\t\t\t\t\t\t<\/div>\n\t\t<\/div>\n\t\t\t\t\t<\/div>\n\t\t<\/section>\n\t\t\t\t<section class=\"elementor-section elementor-top-section elementor-element elementor-element-7075e014 elementor-section-boxed elementor-section-height-default elementor-section-height-default\" data-id=\"7075e014\" data-element_type=\"section\" data-e-type=\"section\">\n\t\t\t\t\t\t<div class=\"elementor-container elementor-column-gap-default\">\n\t\t\t\t\t<div class=\"elementor-column elementor-col-100 elementor-top-column elementor-element elementor-element-661ce3fe\" data-id=\"661ce3fe\" data-element_type=\"column\" data-e-type=\"column\">\n\t\t\t<div class=\"elementor-widget-wrap elementor-element-populated\">\n\t\t\t\t\t\t<div class=\"elementor-element elementor-element-59ca4c5c elementor-invisible elementor-widget elementor-widget-image\" data-id=\"59ca4c5c\" data-element_type=\"widget\" data-e-type=\"widget\" data-settings=\"{&quot;_animation&quot;:&quot;zoomIn&quot;,&quot;_animation_delay&quot;:1000}\" data-widget_type=\"image.default\">\n\t\t\t\t<div class=\"elementor-widget-container\">\n\t\t\t\t\t\t\t\t\t\t\t\t\t\t\t<img fetchpriority=\"high\" decoding=\"async\" width=\"288\" height=\"288\" src=\"https:\/\/museuestampacio.pdm.cat\/wp-content\/uploads\/2020\/12\/fig_15-museu-estampacio-premia-de-mar.png\" class=\"attachment-full size-full wp-image-1689\" alt=\"\" srcset=\"https:\/\/museuestampacio.pdm.cat\/wp-content\/uploads\/2020\/12\/fig_15-museu-estampacio-premia-de-mar.png 288w, https:\/\/museuestampacio.pdm.cat\/wp-content\/uploads\/2020\/12\/fig_15-museu-estampacio-premia-de-mar-150x150.png 150w\" sizes=\"(max-width: 288px) 100vw, 288px\" \/>\t\t\t\t\t\t\t\t\t\t\t\t\t\t\t<\/div>\n\t\t\t\t<\/div>\n\t\t\t\t\t<\/div>\n\t\t<\/div>\n\t\t\t\t\t<\/div>\n\t\t<\/section>\n\t\t\t\t<section class=\"elementor-section elementor-top-section elementor-element elementor-element-4bb427dc elementor-section-boxed elementor-section-height-default elementor-section-height-default\" data-id=\"4bb427dc\" data-element_type=\"section\" data-e-type=\"section\">\n\t\t\t\t\t\t<div class=\"elementor-container elementor-column-gap-default\">\n\t\t\t\t\t<div class=\"elementor-column elementor-col-100 elementor-top-column elementor-element elementor-element-c891038\" data-id=\"c891038\" data-element_type=\"column\" data-e-type=\"column\">\n\t\t\t<div class=\"elementor-widget-wrap elementor-element-populated\">\n\t\t\t\t\t\t<div class=\"elementor-element elementor-element-75452e14 elementor-widget elementor-widget-heading\" data-id=\"75452e14\" data-element_type=\"widget\" data-e-type=\"widget\" data-widget_type=\"heading.default\">\n\t\t\t\t<div class=\"elementor-widget-container\">\n\t\t\t\t\t<h2 class=\"elementor-heading-title elementor-size-default\">La accesibilidad del museo<\/h2>\t\t\t\t<\/div>\n\t\t\t\t<\/div>\n\t\t\t\t<div class=\"elementor-element elementor-element-185d46a9 elementor-widget elementor-widget-text-editor\" data-id=\"185d46a9\" data-element_type=\"widget\" data-e-type=\"widget\" data-widget_type=\"text-editor.default\">\n\t\t\t\t<div class=\"elementor-widget-container\">\n\t\t\t\t\t\t\t\t\t<p>Todo el edificio del museo y el recinto de la F\u00e1brica de Gas est\u00e1n libres de barreras arquitect\u00f3nicas, y se dispone de rampas y ascensores para personas con movilidad reducida.<\/p><p>La exposici\u00f3n permanente cuenta con m\u00f3dulos t\u00e1ctiles y dossiers en lenguaje Braille e im\u00e1genes en relieve para hacer la visita m\u00e1s accesible. Las personas con dificultades visuales podr\u00e1n tocar una serie de objetos de la colecci\u00f3n, y leer la historia en los dossiers t\u00e1ctiles, tanto de la permanente de estampaci\u00f3n textil como de la permanente de arqueolog\u00eda.<\/p><p>Los dossiers informativos, tanto los de texto como los t\u00e1ctiles, los encontrar\u00e1 en varios idiomas.<\/p>\t\t\t\t\t\t\t\t<\/div>\n\t\t\t\t<\/div>\n\t\t\t\t\t<\/div>\n\t\t<\/div>\n\t\t\t\t\t<\/div>\n\t\t<\/section>\n\t\t\t\t<section class=\"elementor-section elementor-top-section elementor-element elementor-element-10399728 elementor-section-boxed elementor-section-height-default elementor-section-height-default\" data-id=\"10399728\" data-element_type=\"section\" data-e-type=\"section\">\n\t\t\t\t\t\t<div class=\"elementor-container elementor-column-gap-default\">\n\t\t\t\t\t<div class=\"elementor-column elementor-col-100 elementor-top-column elementor-element elementor-element-5e3737c0\" data-id=\"5e3737c0\" data-element_type=\"column\" data-e-type=\"column\">\n\t\t\t<div class=\"elementor-widget-wrap elementor-element-populated\">\n\t\t\t\t\t\t<div class=\"elementor-element elementor-element-9912f42 elementor-widget-divider--view-line elementor-widget elementor-widget-divider\" data-id=\"9912f42\" data-element_type=\"widget\" data-e-type=\"widget\" data-widget_type=\"divider.default\">\n\t\t\t\t<div class=\"elementor-widget-container\">\n\t\t\t\t\t\t\t<div class=\"elementor-divider\">\n\t\t\t<span class=\"elementor-divider-separator\">\n\t\t\t\t\t\t<\/span>\n\t\t<\/div>\n\t\t\t\t\t\t<\/div>\n\t\t\t\t<\/div>\n\t\t\t\t\t<\/div>\n\t\t<\/div>\n\t\t\t\t\t<\/div>\n\t\t<\/section>\n\t\t\t\t<section class=\"elementor-section elementor-top-section elementor-element elementor-element-2490b28c elementor-section-boxed elementor-section-height-default elementor-section-height-default\" data-id=\"2490b28c\" data-element_type=\"section\" data-e-type=\"section\">\n\t\t\t\t\t\t<div class=\"elementor-container elementor-column-gap-default\">\n\t\t\t\t\t<div class=\"elementor-column elementor-col-33 elementor-top-column elementor-element elementor-element-1a7c52d5\" data-id=\"1a7c52d5\" data-element_type=\"column\" data-e-type=\"column\">\n\t\t\t<div class=\"elementor-widget-wrap elementor-element-populated\">\n\t\t\t\t\t\t<div class=\"elementor-element elementor-element-f07dfdb animated-slow elementor-invisible elementor-widget elementor-widget-image\" data-id=\"f07dfdb\" data-element_type=\"widget\" data-e-type=\"widget\" data-settings=\"{&quot;_animation&quot;:&quot;fadeIn&quot;}\" data-widget_type=\"image.default\">\n\t\t\t\t<div class=\"elementor-widget-container\">\n\t\t\t\t\t\t\t\t\t\t\t\t\t\t\t\t<a href=\"https:\/\/museuestampacio.pdm.cat\/wp-content\/uploads\/2020\/12\/accessibilitat-1-museu-estampacio.jpg\" data-elementor-open-lightbox=\"yes\" data-e-action-hash=\"#elementor-action%3Aaction%3Dlightbox%26settings%3DeyJpZCI6MTYwMSwidXJsIjoiaHR0cHM6XC9cL211c2V1ZXN0YW1wYWNpby5wZG0uY2F0XC93cC1jb250ZW50XC91cGxvYWRzXC8yMDIwXC8xMlwvYWNjZXNzaWJpbGl0YXQtMS1tdXNldS1lc3RhbXBhY2lvLmpwZyJ9\">\n\t\t\t\t\t\t\t<img decoding=\"async\" width=\"900\" height=\"576\" src=\"https:\/\/museuestampacio.pdm.cat\/wp-content\/uploads\/2020\/12\/accessibilitat-1-museu-estampacio.jpg\" class=\"attachment-large size-large wp-image-1601\" alt=\"\" srcset=\"https:\/\/museuestampacio.pdm.cat\/wp-content\/uploads\/2020\/12\/accessibilitat-1-museu-estampacio.jpg 900w, https:\/\/museuestampacio.pdm.cat\/wp-content\/uploads\/2020\/12\/accessibilitat-1-museu-estampacio-300x192.jpg 300w, https:\/\/museuestampacio.pdm.cat\/wp-content\/uploads\/2020\/12\/accessibilitat-1-museu-estampacio-768x492.jpg 768w\" sizes=\"(max-width: 900px) 100vw, 900px\" \/>\t\t\t\t\t\t\t\t<\/a>\n\t\t\t\t\t\t\t\t\t\t\t\t\t\t\t<\/div>\n\t\t\t\t<\/div>\n\t\t\t\t\t<\/div>\n\t\t<\/div>\n\t\t\t\t<div class=\"elementor-column elementor-col-33 elementor-top-column elementor-element elementor-element-ef45bcc\" data-id=\"ef45bcc\" data-element_type=\"column\" data-e-type=\"column\">\n\t\t\t<div class=\"elementor-widget-wrap elementor-element-populated\">\n\t\t\t\t\t\t<div class=\"elementor-element elementor-element-989f99f animated-slow elementor-invisible elementor-widget elementor-widget-image\" data-id=\"989f99f\" data-element_type=\"widget\" data-e-type=\"widget\" data-settings=\"{&quot;_animation&quot;:&quot;fadeIn&quot;,&quot;_animation_delay&quot;:300}\" data-widget_type=\"image.default\">\n\t\t\t\t<div class=\"elementor-widget-container\">\n\t\t\t\t\t\t\t\t\t\t\t\t\t\t\t\t<a href=\"https:\/\/museuestampacio.pdm.cat\/wp-content\/uploads\/2020\/12\/accessibilitat-2-museu-estampacio.jpg\" data-elementor-open-lightbox=\"yes\" data-e-action-hash=\"#elementor-action%3Aaction%3Dlightbox%26settings%3DeyJpZCI6MTYwMiwidXJsIjoiaHR0cHM6XC9cL211c2V1ZXN0YW1wYWNpby5wZG0uY2F0XC93cC1jb250ZW50XC91cGxvYWRzXC8yMDIwXC8xMlwvYWNjZXNzaWJpbGl0YXQtMi1tdXNldS1lc3RhbXBhY2lvLmpwZyJ9\">\n\t\t\t\t\t\t\t<img decoding=\"async\" width=\"900\" height=\"576\" src=\"https:\/\/museuestampacio.pdm.cat\/wp-content\/uploads\/2020\/12\/accessibilitat-2-museu-estampacio.jpg\" class=\"attachment-large size-large wp-image-1602\" alt=\"\" srcset=\"https:\/\/museuestampacio.pdm.cat\/wp-content\/uploads\/2020\/12\/accessibilitat-2-museu-estampacio.jpg 900w, https:\/\/museuestampacio.pdm.cat\/wp-content\/uploads\/2020\/12\/accessibilitat-2-museu-estampacio-300x192.jpg 300w, https:\/\/museuestampacio.pdm.cat\/wp-content\/uploads\/2020\/12\/accessibilitat-2-museu-estampacio-768x492.jpg 768w\" sizes=\"(max-width: 900px) 100vw, 900px\" \/>\t\t\t\t\t\t\t\t<\/a>\n\t\t\t\t\t\t\t\t\t\t\t\t\t\t\t<\/div>\n\t\t\t\t<\/div>\n\t\t\t\t\t<\/div>\n\t\t<\/div>\n\t\t\t\t<div class=\"elementor-column elementor-col-33 elementor-top-column elementor-element elementor-element-76125a2\" data-id=\"76125a2\" data-element_type=\"column\" data-e-type=\"column\">\n\t\t\t<div class=\"elementor-widget-wrap elementor-element-populated\">\n\t\t\t\t\t\t<div class=\"elementor-element elementor-element-81c2c2d animated-slow elementor-invisible elementor-widget elementor-widget-image\" data-id=\"81c2c2d\" data-element_type=\"widget\" data-e-type=\"widget\" data-settings=\"{&quot;_animation&quot;:&quot;fadeIn&quot;,&quot;_animation_delay&quot;:600}\" data-widget_type=\"image.default\">\n\t\t\t\t<div class=\"elementor-widget-container\">\n\t\t\t\t\t\t\t\t\t\t\t\t\t\t\t\t<a href=\"https:\/\/museuestampacio.pdm.cat\/wp-content\/uploads\/2020\/12\/accessibilitat-3-museu-estampacio.jpg\" data-elementor-open-lightbox=\"yes\" data-e-action-hash=\"#elementor-action%3Aaction%3Dlightbox%26settings%3DeyJpZCI6MTYwMywidXJsIjoiaHR0cHM6XC9cL211c2V1ZXN0YW1wYWNpby5wZG0uY2F0XC93cC1jb250ZW50XC91cGxvYWRzXC8yMDIwXC8xMlwvYWNjZXNzaWJpbGl0YXQtMy1tdXNldS1lc3RhbXBhY2lvLmpwZyJ9\">\n\t\t\t\t\t\t\t<img loading=\"lazy\" decoding=\"async\" width=\"900\" height=\"576\" src=\"https:\/\/museuestampacio.pdm.cat\/wp-content\/uploads\/2020\/12\/accessibilitat-3-museu-estampacio.jpg\" class=\"attachment-large size-large wp-image-1603\" alt=\"\" srcset=\"https:\/\/museuestampacio.pdm.cat\/wp-content\/uploads\/2020\/12\/accessibilitat-3-museu-estampacio.jpg 900w, https:\/\/museuestampacio.pdm.cat\/wp-content\/uploads\/2020\/12\/accessibilitat-3-museu-estampacio-300x192.jpg 300w, https:\/\/museuestampacio.pdm.cat\/wp-content\/uploads\/2020\/12\/accessibilitat-3-museu-estampacio-768x492.jpg 768w\" sizes=\"(max-width: 900px) 100vw, 900px\" \/>\t\t\t\t\t\t\t\t<\/a>\n\t\t\t\t\t\t\t\t\t\t\t\t\t\t\t<\/div>\n\t\t\t\t<\/div>\n\t\t\t\t\t<\/div>\n\t\t<\/div>\n\t\t\t\t\t<\/div>\n\t\t<\/section>\n\t\t\t\t<section class=\"elementor-section elementor-top-section elementor-element elementor-element-35ce7929 elementor-section-full_width elementor-section-height-default elementor-section-height-default\" data-id=\"35ce7929\" data-element_type=\"section\" data-e-type=\"section\">\n\t\t\t\t\t\t<div class=\"elementor-container elementor-column-gap-default\">\n\t\t\t\t\t<div class=\"elementor-column elementor-col-100 elementor-top-column elementor-element elementor-element-405bc4f9\" data-id=\"405bc4f9\" data-element_type=\"column\" data-e-type=\"column\">\n\t\t\t<div class=\"elementor-widget-wrap elementor-element-populated\">\n\t\t\t\t\t\t<div class=\"elementor-element elementor-element-4da7669e elementor-widget elementor-widget-image\" data-id=\"4da7669e\" data-element_type=\"widget\" data-e-type=\"widget\" data-widget_type=\"image.default\">\n\t\t\t\t<div class=\"elementor-widget-container\">\n\t\t\t\t\t\t\t\t\t\t\t\t\t\t\t<img loading=\"lazy\" decoding=\"async\" width=\"2000\" height=\"400\" src=\"https:\/\/museuestampacio.pdm.cat\/wp-content\/uploads\/2020\/12\/f-fig.-15.jpg\" class=\"attachment-full size-full wp-image-1691\" alt=\"\" srcset=\"https:\/\/museuestampacio.pdm.cat\/wp-content\/uploads\/2020\/12\/f-fig.-15.jpg 2000w, https:\/\/museuestampacio.pdm.cat\/wp-content\/uploads\/2020\/12\/f-fig.-15-300x60.jpg 300w, https:\/\/museuestampacio.pdm.cat\/wp-content\/uploads\/2020\/12\/f-fig.-15-1024x205.jpg 1024w, https:\/\/museuestampacio.pdm.cat\/wp-content\/uploads\/2020\/12\/f-fig.-15-768x154.jpg 768w, https:\/\/museuestampacio.pdm.cat\/wp-content\/uploads\/2020\/12\/f-fig.-15-1536x307.jpg 1536w\" sizes=\"(max-width: 2000px) 100vw, 2000px\" \/>\t\t\t\t\t\t\t\t\t\t\t\t\t\t\t<\/div>\n\t\t\t\t<\/div>\n\t\t\t\t\t<\/div>\n\t\t<\/div>\n\t\t\t\t\t<\/div>\n\t\t<\/section>\n\t\t\t\t<\/div>\n\t\t","protected":false},"excerpt":{"rendered":"<p>La accesibilidad del museo Todo el edificio del museo y el recinto de la F\u00e1brica de Gas est\u00e1n libres de barreras arquitect\u00f3nicas, y se dispone de rampas y ascensores para personas con movilidad reducida. La exposici\u00f3n permanente cuenta con m\u00f3dulos t\u00e1ctiles y dossiers en lenguaje Braille e im\u00e1genes en relieve para hacer la visita m\u00e1s &#8230; <a title=\"ACCESIBILIDAD\" class=\"read-more\" href=\"https:\/\/museuestampacio.pdm.cat\/es\/accesibilidad\/\" aria-label=\"Leer m\u00e1s sobre ACCESIBILIDAD\">Leer m\u00e1s<\/a><\/p>\n","protected":false},"author":2,"featured_media":0,"parent":0,"menu_order":0,"comment_status":"closed","ping_status":"closed","template":"elementor_header_footer","meta":{"footnotes":""},"class_list":["post-1598","page","type-page","status-publish"],"_links":{"self":[{"href":"https:\/\/museuestampacio.pdm.cat\/es\/wp-json\/wp\/v2\/pages\/1598","targetHints":{"allow":["GET"]}}],"collection":[{"href":"https:\/\/museuestampacio.pdm.cat\/es\/wp-json\/wp\/v2\/pages"}],"about":[{"href":"https:\/\/museuestampacio.pdm.cat\/es\/wp-json\/wp\/v2\/types\/page"}],"author":[{"embeddable":true,"href":"https:\/\/museuestampacio.pdm.cat\/es\/wp-json\/wp\/v2\/users\/2"}],"replies":[{"embeddable":true,"href":"https:\/\/museuestampacio.pdm.cat\/es\/wp-json\/wp\/v2\/comments?post=1598"}],"version-history":[{"count":10,"href":"https:\/\/museuestampacio.pdm.cat\/es\/wp-json\/wp\/v2\/pages\/1598\/revisions"}],"predecessor-version":[{"id":1908,"href":"https:\/\/museuestampacio.pdm.cat\/es\/wp-json\/wp\/v2\/pages\/1598\/revisions\/1908"}],"wp:attachment":[{"href":"https:\/\/museuestampacio.pdm.cat\/es\/wp-json\/wp\/v2\/media?parent=1598"}],"curies":[{"name":"wp","href":"https:\/\/api.w.org\/{rel}","templated":true}]}}